{"id":998,"date":"2020-02-02T16:58:44","date_gmt":"2020-02-02T16:58:44","guid":{"rendered":"http:\/\/test.isblite.com\/products\/softouch-ergonomic-run-buttons\/"},"modified":"2023-01-22T12:06:43","modified_gmt":"2023-01-22T17:06:43","slug":"softouch-ergonomic-run-buttons","status":"publish","type":"page","link":"https:\/\/isblite.com\/fr\/products\/softouch-ergonomic-run-buttons\/","title":{"rendered":"Boutons ergonomiques Softouch"},"content":{"rendered":"\t\t<div data-elementor-type=\"wp-page\" data-elementor-id=\"998\" class=\"elementor elementor-998 elementor-285\">\n\t\t\t\t\t\t<section class=\"elementor-section elementor-top-section elementor-element elementor-element-6c7a2f0 elementor-section-boxed elementor-section-height-default elementor-section-height-default\" data-id=\"6c7a2f0\" data-element_type=\"section\">\n\t\t\t\t\t\t<div class=\"elementor-container elementor-column-gap-default\">\n\t\t\t\t\t<div class=\"elementor-column elementor-col-100 elementor-top-column elementor-element elementor-element-c37bd0b\" data-id=\"c37bd0b\" data-element_type=\"column\">\n\t\t\t<div class=\"elementor-widget-wrap elementor-element-populated\">\n\t\t\t\t\t\t<div class=\"elementor-element elementor-element-4f4d412 elementor-widget elementor-widget-heading\" data-id=\"4f4d412\" data-element_type=\"widget\" data-widget_type=\"heading.default\">\n\t\t\t\t<div class=\"elementor-widget-container\">\n\t\t\t\t\t<h2 class=\"elementor-heading-title elementor-size-default\">Boutons ergonomiques<\/h2>\t\t\t\t<\/div>\n\t\t\t\t<\/div>\n\t\t\t\t\t<\/div>\n\t\t<\/div>\n\t\t\t\t\t<\/div>\n\t\t<\/section>\n\t\t\t\t<section class=\"elementor-section elementor-top-section elementor-element elementor-element-77ffdf5 elementor-section-boxed elementor-section-height-default elementor-section-height-default\" data-id=\"77ffdf5\" data-element_type=\"section\">\n\t\t\t\t\t\t<div class=\"elementor-container elementor-column-gap-default\">\n\t\t\t\t\t<div class=\"elementor-column elementor-col-50 elementor-top-column elementor-element elementor-element-4647b40\" data-id=\"4647b40\" data-element_type=\"column\">\n\t\t\t<div class=\"elementor-widget-wrap elementor-element-populated\">\n\t\t\t\t\t\t<div class=\"elementor-element elementor-element-6f07714 elementor-widget elementor-widget-spacer\" data-id=\"6f07714\" data-element_type=\"widget\" data-widget_type=\"spacer.default\">\n\t\t\t\t<div class=\"elementor-widget-container\">\n\t\t\t\t\t\t\t<div class=\"elementor-spacer\">\n\t\t\t<div class=\"elementor-spacer-inner\"><\/div>\n\t\t<\/div>\n\t\t\t\t\t\t<\/div>\n\t\t\t\t<\/div>\n\t\t\t\t<div class=\"elementor-element elementor-element-d308b05 elementor-widget elementor-widget-image\" data-id=\"d308b05\" data-element_type=\"widget\" data-widget_type=\"image.default\">\n\t\t\t\t<div class=\"elementor-widget-container\">\n\t\t\t\t\t\t\t\t\t\t\t\t\t\t\t\t<a href=\"http:\/\/isblite.com\/wp-content\/uploads\/2020\/02\/softouch_closed_1.jpg\" data-elementor-open-lightbox=\"yes\" data-elementor-lightbox-title=\"softouch_closed_1\" data-e-action-hash=\"#elementor-action%3Aaction%3Dlightbox%26settings%3DeyJpZCI6NDExLCJ1cmwiOiJodHRwczpcL1wvaXNibGl0ZS5jb21cL3dwLWNvbnRlbnRcL3VwbG9hZHNcLzIwMjBcLzAyXC9zb2Z0b3VjaF9jbG9zZWRfMS5qcGcifQ%3D%3D\">\n\t\t\t\t\t\t\t<img decoding=\"async\" width=\"210\" height=\"210\" src=\"https:\/\/isblite.com\/wp-content\/uploads\/2020\/02\/softouch_closed_1.jpg\" class=\"attachment-large size-large wp-image-411\" alt=\"\" srcset=\"https:\/\/isblite.com\/wp-content\/uploads\/2020\/02\/softouch_closed_1.jpg 210w, https:\/\/isblite.com\/wp-content\/uploads\/2020\/02\/softouch_closed_1-150x150.jpg 150w\" sizes=\"(max-width: 210px) 100vw, 210px\" \/>\t\t\t\t\t\t\t\t<\/a>\n\t\t\t\t\t\t\t\t\t\t\t\t\t\t\t<\/div>\n\t\t\t\t<\/div>\n\t\t\t\t<div class=\"elementor-element elementor-element-19014d9 elementor-widget elementor-widget-text-editor\" data-id=\"19014d9\" data-element_type=\"widget\" data-widget_type=\"text-editor.default\">\n\t\t\t\t<div class=\"elementor-widget-container\">\n\t\t\t\t\t\t\t\t\t<h4><span class=\"tlid-translation translation\" lang=\"fr\"><span class=\"\" title=\"\">Avantages:<\/span><\/span><\/h4><ul><li><span title=\"\">R\u00e9glage automatique de la sensibilit\u00e9 \u00e0 la mise sous tension<\/span><\/li><li><span title=\"\">Pas de r\u00e9glage manuel de la sensibilit\u00e9<\/span><\/li><li><span title=\"\">Compensation automatique de d\u00e9rive, sensibilit\u00e9 non affect\u00e9e par la variation de temp\u00e9rature, d&#8217;humidit\u00e9 ou de tension.<\/span><\/li><li><span title=\"\">R\u00e9initialisation automatique et \u00e9talonnage automatique si l&#8217;objet est d\u00e9tect\u00e9 en continu pendant plus de 60 secondes<\/span><\/li><li><span title=\"\">Facile \u00e0 installer, aucun relais suppl\u00e9mentaire requis.<\/span><\/li><\/ul>\t\t\t\t\t\t\t\t<\/div>\n\t\t\t\t<\/div>\n\t\t\t\t\t<\/div>\n\t\t<\/div>\n\t\t\t\t<div class=\"elementor-column elementor-col-50 elementor-top-column elementor-element elementor-element-700da3a\" data-id=\"700da3a\" data-element_type=\"column\">\n\t\t\t<div class=\"elementor-widget-wrap elementor-element-populated\">\n\t\t\t\t\t\t<div class=\"elementor-element elementor-element-e87f8a7 elementor-widget elementor-widget-text-editor\" data-id=\"e87f8a7\" data-element_type=\"widget\" data-widget_type=\"text-editor.default\">\n\t\t\t\t<div class=\"elementor-widget-container\">\n\t\t\t\t\t\t\t\t\t<h2><strong>Boutons ergonomiques<\/strong><\/h2>\n<p><span class=\"tlid-translation translation\" lang=\"fr\"><span class=\"\" title=\"\">Le remplacement du bouton ISB Sof-Touch-2 nouvellement repens\u00e9 est le moyen doux d&#8217;initier le cycle de votre machine.<\/span> <span title=\"\">Sof-Touch-2 est un remplacement direct totalement autonome des boutons \u00e0 ressort m\u00e9caniques conventionnels.<\/span> <span title=\"\">Les boutons ergonomiques Sof-Touch-2 ne n\u00e9cessitent aucune pression physique pour initier un cycle de machine, ils r\u00e9duisent donc consid\u00e9rablement les traumatismes li\u00e9s aux mouvements r\u00e9p\u00e9titifs tels que le syndrome du canal carpien.<\/span><\/span><\/p>\n\t\t\t\t\t\t\t\t<\/div>\n\t\t\t\t<\/div>\n\t\t\t\t\t<\/div>\n\t\t<\/div>\n\t\t\t\t\t<\/div>\n\t\t<\/section>\n\t\t\t\t<section class=\"elementor-section elementor-top-section elementor-element elementor-element-2add9cd elementor-section-boxed elementor-section-height-default elementor-section-height-default\" data-id=\"2add9cd\" data-element_type=\"section\">\n\t\t\t\t\t\t<div class=\"elementor-container elementor-column-gap-default\">\n\t\t\t\t\t<div class=\"elementor-column elementor-col-20 elementor-top-column elementor-element elementor-element-ce05501\" data-id=\"ce05501\" data-element_type=\"column\">\n\t\t\t<div class=\"elementor-widget-wrap elementor-element-populated\">\n\t\t\t\t\t\t<div class=\"elementor-element elementor-element-91a190e elementor-widget elementor-widget-image\" data-id=\"91a190e\" data-element_type=\"widget\" data-widget_type=\"image.default\">\n\t\t\t\t<div class=\"elementor-widget-container\">\n\t\t\t\t\t\t\t\t\t\t\t\t\t\t\t\t<a href=\"http:\/\/isblite.com\/wp-content\/uploads\/2020\/02\/softouch_no_button.jpg\" data-elementor-open-lightbox=\"yes\" data-elementor-lightbox-title=\"softouch_no_button\" data-e-action-hash=\"#elementor-action%3Aaction%3Dlightbox%26settings%3DeyJpZCI6MTEwNiwidXJsIjoiaHR0cHM6XC9cL2lzYmxpdGUuY29tXC93cC1jb250ZW50XC91cGxvYWRzXC8yMDIwXC8wMlwvc29mdG91Y2hfbm9fYnV0dG9uLmpwZyJ9\">\n\t\t\t\t\t\t\t<img fetchpriority=\"high\" decoding=\"async\" width=\"580\" height=\"246\" src=\"https:\/\/isblite.com\/wp-content\/uploads\/2020\/02\/softouch_no_button.jpg\" class=\"attachment-large size-large wp-image-1106\" alt=\"\" srcset=\"https:\/\/isblite.com\/wp-content\/uploads\/2020\/02\/softouch_no_button.jpg 590w, https:\/\/isblite.com\/wp-content\/uploads\/2020\/02\/softouch_no_button-300x127.jpg 300w\" sizes=\"(max-width: 580px) 100vw, 580px\" \/>\t\t\t\t\t\t\t\t<\/a>\n\t\t\t\t\t\t\t\t\t\t\t\t\t\t\t<\/div>\n\t\t\t\t<\/div>\n\t\t\t\t\t<\/div>\n\t\t<\/div>\n\t\t\t\t<div class=\"elementor-column elementor-col-20 elementor-top-column elementor-element elementor-element-2776ec9\" data-id=\"2776ec9\" data-element_type=\"column\">\n\t\t\t<div class=\"elementor-widget-wrap elementor-element-populated\">\n\t\t\t\t\t\t<div class=\"elementor-element elementor-element-4fb4c83 elementor-widget elementor-widget-image\" data-id=\"4fb4c83\" data-element_type=\"widget\" data-widget_type=\"image.default\">\n\t\t\t\t<div class=\"elementor-widget-container\">\n\t\t\t\t\t\t\t\t\t\t\t\t\t\t\t\t<a href=\"http:\/\/isblite.com\/wp-content\/uploads\/2020\/02\/softouch2_backside_2.jpg\" data-elementor-open-lightbox=\"yes\" data-elementor-lightbox-title=\"softouch2_backside_2\" data-e-action-hash=\"#elementor-action%3Aaction%3Dlightbox%26settings%3DeyJpZCI6MTE2MSwidXJsIjoiaHR0cHM6XC9cL2lzYmxpdGUuY29tXC93cC1jb250ZW50XC91cGxvYWRzXC8yMDIwXC8wMlwvc29mdG91Y2gyX2JhY2tzaWRlXzIuanBnIn0%3D\">\n\t\t\t\t\t\t\t<img decoding=\"async\" width=\"210\" height=\"144\" src=\"https:\/\/isblite.com\/wp-content\/uploads\/2020\/02\/softouch2_backside_2.jpg\" class=\"attachment-large size-large wp-image-1161\" alt=\"\" \/>\t\t\t\t\t\t\t\t<\/a>\n\t\t\t\t\t\t\t\t\t\t\t\t\t\t\t<\/div>\n\t\t\t\t<\/div>\n\t\t\t\t\t<\/div>\n\t\t<\/div>\n\t\t\t\t<div class=\"elementor-column elementor-col-20 elementor-top-column elementor-element elementor-element-ca9a362\" data-id=\"ca9a362\" data-element_type=\"column\">\n\t\t\t<div class=\"elementor-widget-wrap elementor-element-populated\">\n\t\t\t\t\t\t<div class=\"elementor-element elementor-element-06efccb elementor-widget elementor-widget-image\" data-id=\"06efccb\" data-element_type=\"widget\" data-widget_type=\"image.default\">\n\t\t\t\t<div class=\"elementor-widget-container\">\n\t\t\t\t\t\t\t\t\t\t\t\t\t\t\t\t<a href=\"http:\/\/isblite.com\/wp-content\/uploads\/2020\/02\/11_5_palm-button.jpg\" data-elementor-open-lightbox=\"yes\" data-elementor-lightbox-title=\"11_5_palm button\" data-e-action-hash=\"#elementor-action%3Aaction%3Dlightbox%26settings%3DeyJpZCI6MTAyMywidXJsIjoiaHR0cHM6XC9cL2lzYmxpdGUuY29tXC93cC1jb250ZW50XC91cGxvYWRzXC8yMDIwXC8wMlwvMTFfNV9wYWxtLWJ1dHRvbi5qcGcifQ%3D%3D\">\n\t\t\t\t\t\t\t<img loading=\"lazy\" decoding=\"async\" width=\"580\" height=\"167\" src=\"https:\/\/isblite.com\/wp-content\/uploads\/2020\/02\/11_5_palm-button-1024x294.jpg\" class=\"attachment-large size-large wp-image-1023\" alt=\"\" srcset=\"https:\/\/isblite.com\/wp-content\/uploads\/2020\/02\/11_5_palm-button-1024x294.jpg 1024w, https:\/\/isblite.com\/wp-content\/uploads\/2020\/02\/11_5_palm-button-300x86.jpg 300w, https:\/\/isblite.com\/wp-content\/uploads\/2020\/02\/11_5_palm-button-768x220.jpg 768w, https:\/\/isblite.com\/wp-content\/uploads\/2020\/02\/11_5_palm-button-1200x344.jpg 1200w, https:\/\/isblite.com\/wp-content\/uploads\/2020\/02\/11_5_palm-button.jpg 1422w\" sizes=\"(max-width: 580px) 100vw, 580px\" \/>\t\t\t\t\t\t\t\t<\/a>\n\t\t\t\t\t\t\t\t\t\t\t\t\t\t\t<\/div>\n\t\t\t\t<\/div>\n\t\t\t\t\t<\/div>\n\t\t<\/div>\n\t\t\t\t<div class=\"elementor-column elementor-col-20 elementor-top-column elementor-element elementor-element-50e10ad\" data-id=\"50e10ad\" data-element_type=\"column\">\n\t\t\t<div class=\"elementor-widget-wrap elementor-element-populated\">\n\t\t\t\t\t\t<div class=\"elementor-element elementor-element-29ee357 elementor-widget elementor-widget-image\" data-id=\"29ee357\" data-element_type=\"widget\" data-widget_type=\"image.default\">\n\t\t\t\t<div class=\"elementor-widget-container\">\n\t\t\t\t\t\t\t\t\t\t\t\t\t\t\t\t<a href=\"http:\/\/isblite.com\/wp-content\/uploads\/2020\/02\/SofTouch.jpg\" data-elementor-open-lightbox=\"yes\" data-elementor-lightbox-title=\"SofTouch\" data-e-action-hash=\"#elementor-action%3Aaction%3Dlightbox%26settings%3DeyJpZCI6MTE3MCwidXJsIjoiaHR0cHM6XC9cL2lzYmxpdGUuY29tXC93cC1jb250ZW50XC91cGxvYWRzXC8yMDIwXC8wMlwvU29mVG91Y2guanBnIn0%3D\">\n\t\t\t\t\t\t\t<img loading=\"lazy\" decoding=\"async\" width=\"580\" height=\"340\" src=\"https:\/\/isblite.com\/wp-content\/uploads\/2020\/02\/SofTouch.jpg\" class=\"attachment-large size-large wp-image-1170\" alt=\"\" srcset=\"https:\/\/isblite.com\/wp-content\/uploads\/2020\/02\/SofTouch.jpg 696w, https:\/\/isblite.com\/wp-content\/uploads\/2020\/02\/SofTouch-300x176.jpg 300w\" sizes=\"(max-width: 580px) 100vw, 580px\" \/>\t\t\t\t\t\t\t\t<\/a>\n\t\t\t\t\t\t\t\t\t\t\t\t\t\t\t<\/div>\n\t\t\t\t<\/div>\n\t\t\t\t\t<\/div>\n\t\t<\/div>\n\t\t\t\t<div class=\"elementor-column elementor-col-20 elementor-top-column elementor-element elementor-element-546c2c6\" data-id=\"546c2c6\" data-element_type=\"column\">\n\t\t\t<div class=\"elementor-widget-wrap elementor-element-populated\">\n\t\t\t\t\t\t<div class=\"elementor-element elementor-element-538a181 elementor-widget elementor-widget-image\" data-id=\"538a181\" data-element_type=\"widget\" data-widget_type=\"image.default\">\n\t\t\t\t<div class=\"elementor-widget-container\">\n\t\t\t\t\t\t\t\t\t\t\t\t\t\t\t\t<a href=\"http:\/\/isblite.com\/wp-content\/uploads\/2020\/02\/spftouch_onlyredbutton.jpg\" data-elementor-open-lightbox=\"yes\" data-elementor-lightbox-title=\"spftouch_onlyredbutton\" data-e-action-hash=\"#elementor-action%3Aaction%3Dlightbox%26settings%3DeyJpZCI6MTA3NCwidXJsIjoiaHR0cHM6XC9cL2lzYmxpdGUuY29tXC93cC1jb250ZW50XC91cGxvYWRzXC8yMDIwXC8wMlwvc3BmdG91Y2hfb25seXJlZGJ1dHRvbi5qcGcifQ%3D%3D\">\n\t\t\t\t\t\t\t<img loading=\"lazy\" decoding=\"async\" width=\"408\" height=\"408\" src=\"https:\/\/isblite.com\/wp-content\/uploads\/2020\/02\/spftouch_onlyredbutton.jpg\" class=\"attachment-large size-large wp-image-1074\" alt=\"\" srcset=\"https:\/\/isblite.com\/wp-content\/uploads\/2020\/02\/spftouch_onlyredbutton.jpg 408w, https:\/\/isblite.com\/wp-content\/uploads\/2020\/02\/spftouch_onlyredbutton-300x300.jpg 300w, https:\/\/isblite.com\/wp-content\/uploads\/2020\/02\/spftouch_onlyredbutton-150x150.jpg 150w\" sizes=\"(max-width: 408px) 100vw, 408px\" \/>\t\t\t\t\t\t\t\t<\/a>\n\t\t\t\t\t\t\t\t\t\t\t\t\t\t\t<\/div>\n\t\t\t\t<\/div>\n\t\t\t\t\t<\/div>\n\t\t<\/div>\n\t\t\t\t\t<\/div>\n\t\t<\/section>\n\t\t\t\t<section class=\"elementor-section elementor-top-section elementor-element elementor-element-664aa66 elementor-section-boxed elementor-section-height-default elementor-section-height-default\" data-id=\"664aa66\" data-element_type=\"section\">\n\t\t\t\t\t\t<div class=\"elementor-container elementor-column-gap-default\">\n\t\t\t\t\t<div class=\"elementor-column elementor-col-100 elementor-top-column elementor-element elementor-element-49d9cee\" data-id=\"49d9cee\" data-element_type=\"column\">\n\t\t\t<div class=\"elementor-widget-wrap elementor-element-populated\">\n\t\t\t\t\t\t<div class=\"elementor-element elementor-element-22ebc81 elementor-widget elementor-widget-html\" data-id=\"22ebc81\" data-element_type=\"widget\" data-widget_type=\"html.default\">\n\t\t\t\t<div class=\"elementor-widget-container\">\n\t\t\t\t\t<h6>Ordering Information<\/h6>\n<table style=\"width:100%\">\n  <tr>\n    <th width=\"30%\">ISB part #<\/th>\n    <th width=\"70%\">Description<\/th> \n  <\/tr>\n  <tr>\n    <td>ST2-0001-00<\/td>\n    <td>Sof-Touch2 ergonomic button, closed ring guard, with mounting hardware<\/td>\n  <\/tr>\n  <tr>\n    <td>ST2-0001-90<\/td>\n    <td>Sof-Touch2 ergonomic button, open ring guard, with  mounting hardware<\/td>\n  <\/tr>\n  <tr>\n    <td>ST2-4000-00<\/td>\n    <td>Set of ST2-0001 4\"x4\"x30\" TROUGH<\/td>\n  <\/tr>\n  <tr>\n    <td>ST2-4100-00<\/td>\n    <td>Set of ST2-0001 4\"x4\"x30\" TROUGH with E-STOP button<\/td>\n  <\/tr> \n  <tr>\n    <td>ST2-4200-00<\/td>\n    <td>Set of ST2-0001 4\"x4\"x30\" TROUGH with E-STOP, TOP STOP and PRESET buttons<\/td>\n  <\/tr>    \n<\/table>\n\t\t\t\t<\/div>\n\t\t\t\t<\/div>\n\t\t\t\t\t<\/div>\n\t\t<\/div>\n\t\t\t\t\t<\/div>\n\t\t<\/section>\n\t\t\t\t<\/div>\n\t\t","protected":false},"excerpt":{"rendered":"<p>Boutons ergonomiques Avantages: R\u00e9glage automatique de la sensibilit\u00e9 \u00e0 la mise sous tension Pas de r\u00e9glage manuel de la sensibilit\u00e9 Compensation automatique de d\u00e9rive, sensibilit\u00e9 non affect\u00e9e par la variation de temp\u00e9rature, d&#8217;humidit\u00e9 ou de tension. R\u00e9initialisation automatique et \u00e9talonnage automatique si l&#8217;objet est d\u00e9tect\u00e9 en continu pendant plus de 60 secondes Facile \u00e0 installer, [&hellip;]<\/p>\n","protected":false},"author":1,"featured_media":9092,"parent":563,"menu_order":50,"comment_status":"closed","ping_status":"closed","template":"page_products.php","meta":{"_acf_changed":false,"footnotes":""},"class_list":["post-998","page","type-page","status-publish","has-post-thumbnail","hentry"],"acf":[],"post_mailing_queue_ids":[],"_links":{"self":[{"href":"https:\/\/isblite.com\/fr\/wp-json\/wp\/v2\/pages\/998","targetHints":{"allow":["GET"]}}],"collection":[{"href":"https:\/\/isblite.com\/fr\/wp-json\/wp\/v2\/pages"}],"about":[{"href":"https:\/\/isblite.com\/fr\/wp-json\/wp\/v2\/types\/page"}],"author":[{"embeddable":true,"href":"https:\/\/isblite.com\/fr\/wp-json\/wp\/v2\/users\/1"}],"replies":[{"embeddable":true,"href":"https:\/\/isblite.com\/fr\/wp-json\/wp\/v2\/comments?post=998"}],"version-history":[{"count":24,"href":"https:\/\/isblite.com\/fr\/wp-json\/wp\/v2\/pages\/998\/revisions"}],"predecessor-version":[{"id":15533,"href":"https:\/\/isblite.com\/fr\/wp-json\/wp\/v2\/pages\/998\/revisions\/15533"}],"up":[{"embeddable":true,"href":"https:\/\/isblite.com\/fr\/wp-json\/wp\/v2\/pages\/563"}],"wp:featuredmedia":[{"embeddable":true,"href":"https:\/\/isblite.com\/fr\/wp-json\/wp\/v2\/media\/9092"}],"wp:attachment":[{"href":"https:\/\/isblite.com\/fr\/wp-json\/wp\/v2\/media?parent=998"}],"curies":[{"name":"wp","href":"https:\/\/api.w.org\/{rel}","templated":true}]}}