{"id":533,"date":"2020-02-02T17:52:01","date_gmt":"2020-02-02T17:52:01","guid":{"rendered":"http:\/\/test.isblite.com\/distributor-locator\/"},"modified":"2021-10-29T15:03:50","modified_gmt":"2021-10-29T20:03:50","slug":"distributor-locator","status":"publish","type":"page","link":"https:\/\/isblite.com\/fr\/distributor-locator\/","title":{"rendered":"Localisateur de distributeurs"},"content":{"rendered":"\t\t<div data-elementor-type=\"wp-page\" data-elementor-id=\"533\" class=\"elementor elementor-533 elementor-317\">\n\t\t\t\t\t\t<section class=\"elementor-section elementor-top-section elementor-element elementor-element-cb51a6b elementor-section-boxed elementor-section-height-default elementor-section-height-default\" data-id=\"cb51a6b\" data-element_type=\"section\">\n\t\t\t\t\t\t<div class=\"elementor-container elementor-column-gap-default\">\n\t\t\t\t\t<div class=\"elementor-column elementor-col-100 elementor-top-column elementor-element elementor-element-f232d2a\" data-id=\"f232d2a\" data-element_type=\"column\">\n\t\t\t<div class=\"elementor-widget-wrap elementor-element-populated\">\n\t\t\t\t\t\t<div class=\"elementor-element elementor-element-c22bc14 elementor-widget elementor-widget-text-editor\" data-id=\"c22bc14\" data-element_type=\"widget\" data-widget_type=\"text-editor.default\">\n\t\t\t\t<div class=\"elementor-widget-container\">\n\t\t\t\t\t\t\t\t\t<p><span style=\"font-size: 13.5pt; font-family: 'Arial',sans-serif; color: #7a7a7a; letter-spacing: -.2pt;\"><span class=\"tlid-translation translation\" lang=\"fr\"><span class=\"\" title=\"\">Nous avons une \u00e9quipe qualifi\u00e9e de repr\u00e9sentants et d&#8217;installateurs dans la plupart des principaux march\u00e9s d&#8217;Am\u00e9rique du Nord.<\/span> <span title=\"\">Veuillez utiliser le localisateur de distributeurs ci-dessous pour acc\u00e9der aux ventes et \u00e0 l&#8217;assistance technique dans votre r\u00e9gion.<\/span><\/span><\/span><\/p><p><span title=\"\">Vous pouvez toujours contacter ISB directement pour toute demande de vente ou assistance technique.<\/span><\/p><p><strong>ISB \/ Merlin<\/strong><br \/>2300 Victoria Ave,<br \/>Lachine, QC, CANADA<br \/>H8S 1Z3, +1 514 634 7000<\/p><p style=\"margin: 0in; margin-bottom: .0001pt; background: white;\">\u00a0<\/p>\t\t\t\t\t\t\t\t<\/div>\n\t\t\t\t<\/div>\n\t\t\t\t\t<\/div>\n\t\t<\/div>\n\t\t\t\t\t<\/div>\n\t\t<\/section>\n\t\t\t\t<\/div>\n\t\t","protected":false},"excerpt":{"rendered":"<p>Nous avons une \u00e9quipe qualifi\u00e9e de repr\u00e9sentants et d&#8217;installateurs dans la plupart des principaux march\u00e9s d&#8217;Am\u00e9rique du Nord. Veuillez utiliser le localisateur de distributeurs ci-dessous pour acc\u00e9der aux ventes et \u00e0 l&#8217;assistance technique dans votre r\u00e9gion. Vous pouvez toujours contacter ISB directement pour toute demande de vente ou assistance technique. ISB \/ Merlin2300 Victoria Ave,Lachine, [&hellip;]<\/p>\n","protected":false},"author":1,"featured_media":0,"parent":0,"menu_order":66,"comment_status":"closed","ping_status":"closed","template":"page_distributorlocator.php","meta":{"_acf_changed":false,"footnotes":""},"class_list":["post-533","page","type-page","status-publish","hentry"],"acf":[],"post_mailing_queue_ids":[],"_links":{"self":[{"href":"https:\/\/isblite.com\/fr\/wp-json\/wp\/v2\/pages\/533","targetHints":{"allow":["GET"]}}],"collection":[{"href":"https:\/\/isblite.com\/fr\/wp-json\/wp\/v2\/pages"}],"about":[{"href":"https:\/\/isblite.com\/fr\/wp-json\/wp\/v2\/types\/page"}],"author":[{"embeddable":true,"href":"https:\/\/isblite.com\/fr\/wp-json\/wp\/v2\/users\/1"}],"replies":[{"embeddable":true,"href":"https:\/\/isblite.com\/fr\/wp-json\/wp\/v2\/comments?post=533"}],"version-history":[{"count":7,"href":"https:\/\/isblite.com\/fr\/wp-json\/wp\/v2\/pages\/533\/revisions"}],"predecessor-version":[{"id":6742,"href":"https:\/\/isblite.com\/fr\/wp-json\/wp\/v2\/pages\/533\/revisions\/6742"}],"wp:attachment":[{"href":"https:\/\/isblite.com\/fr\/wp-json\/wp\/v2\/media?parent=533"}],"curies":[{"name":"wp","href":"https:\/\/api.w.org\/{rel}","templated":true}]}}