{"id":1970,"date":"2020-02-12T05:50:19","date_gmt":"2020-02-12T10:50:19","guid":{"rendered":"http:\/\/test.isblite.com\/products\/previous-generation-products\/"},"modified":"2020-07-24T12:10:18","modified_gmt":"2020-07-24T17:10:18","slug":"previous-generation-products","status":"publish","type":"page","link":"https:\/\/isblite.com\/fr\/products\/previous-generation-products\/","title":{"rendered":"Produits de g\u00e9n\u00e9rations pr\u00e9c\u00e9dentes"},"content":{"rendered":"\t\t<div data-elementor-type=\"wp-page\" data-elementor-id=\"1970\" class=\"elementor elementor-1970 elementor-372\">\n\t\t\t\t\t\t<section class=\"elementor-section elementor-top-section elementor-element elementor-element-3e1d699 elementor-section-boxed elementor-section-height-default elementor-section-height-default\" data-id=\"3e1d699\" data-element_type=\"section\">\n\t\t\t\t\t\t<div class=\"elementor-container elementor-column-gap-default\">\n\t\t\t\t\t<div class=\"elementor-column elementor-col-100 elementor-top-column elementor-element elementor-element-4add89f\" data-id=\"4add89f\" data-element_type=\"column\">\n\t\t\t<div class=\"elementor-widget-wrap elementor-element-populated\">\n\t\t\t\t\t\t<div class=\"elementor-element elementor-element-4709236 elementor-widget elementor-widget-heading\" data-id=\"4709236\" data-element_type=\"widget\" data-widget_type=\"heading.default\">\n\t\t\t\t<div class=\"elementor-widget-container\">\n\t\t\t\t\t<h2 class=\"elementor-heading-title elementor-size-default\">Produits de g\u00e9n\u00e9rations pr\u00e9c\u00e9dentes<\/h2>\t\t\t\t<\/div>\n\t\t\t\t<\/div>\n\t\t\t\t\t<\/div>\n\t\t<\/div>\n\t\t\t\t\t<\/div>\n\t\t<\/section>\n\t\t\t\t<section class=\"elementor-section elementor-top-section elementor-element elementor-element-e230510 elementor-section-boxed elementor-section-height-default elementor-section-height-default\" data-id=\"e230510\" data-element_type=\"section\">\n\t\t\t\t\t\t<div class=\"elementor-container elementor-column-gap-default\">\n\t\t\t\t\t<div class=\"elementor-column elementor-col-100 elementor-top-column elementor-element elementor-element-e95bd51\" data-id=\"e95bd51\" data-element_type=\"column\">\n\t\t\t<div class=\"elementor-widget-wrap elementor-element-populated\">\n\t\t\t\t\t\t<div class=\"elementor-element elementor-element-9010f4f elementor-widget elementor-widget-text-editor\" data-id=\"9010f4f\" data-element_type=\"widget\" data-widget_type=\"text-editor.default\">\n\t\t\t\t<div class=\"elementor-widget-container\">\n\t\t\t\t\t\t\t\t\t<p><span class=\"tlid-translation translation\" lang=\"fr\" tabindex=\"-1\"><span class=\"\" title=\"\">ISB est fier de sa riche histoire.<\/span> <span class=\"\" title=\"\">Nous nous engageons \u00e0 continuer \u00e0 soutenir nos clients en entretenant nos produits autant que possible.<\/span><br \/><span title=\"\">Certains de nos produits sont en service depuis la fin des ann\u00e9es 1970 et, naturellement, il n&#8217;est plus possible de les entretenir.<\/span><br \/><span title=\"\">Si vous avez besoin d&#8217;informations sur l&#8217;un des produits ci-dessous, veuillez <a href=\"https:\/\/isblite.com\/fr\/contact-us\/\">nous contacter<\/a> et notre repr\u00e9sentant se fera un plaisir de vous aider.<\/span><\/span><\/p><p><strong><span title=\"\">Fiable dans tous les sens du terme.<\/span><\/strong><\/p><p><span title=\"\">Bien qu&#8217;il s&#8217;agisse de nos produits de g\u00e9n\u00e9rations pr\u00e9c\u00e9dentes, ils se sont r\u00e9v\u00e9l\u00e9s aussi fiables que possible.<\/span> <span title=\"\">\u00c9prouv\u00e9s pour r\u00e9sister aux t\u00e2ches les plus difficiles et les plus exigeantes, ces produits continueront de fonctionner.<\/span><\/p>\t\t\t\t\t\t\t\t<\/div>\n\t\t\t\t<\/div>\n\t\t\t\t\t<\/div>\n\t\t<\/div>\n\t\t\t\t\t<\/div>\n\t\t<\/section>\n\t\t\t\t<section class=\"elementor-section elementor-top-section elementor-element elementor-element-1a57a04 elementor-section-boxed elementor-section-height-default elementor-section-height-default\" data-id=\"1a57a04\" data-element_type=\"section\">\n\t\t\t\t\t\t<div class=\"elementor-container elementor-column-gap-default\">\n\t\t\t\t\t<div class=\"elementor-column elementor-col-50 elementor-top-column elementor-element elementor-element-b68afcb\" data-id=\"b68afcb\" data-element_type=\"column\">\n\t\t\t<div class=\"elementor-widget-wrap elementor-element-populated\">\n\t\t\t\t\t\t<div class=\"elementor-element elementor-element-66b93d3 elementor-widget elementor-widget-image\" data-id=\"66b93d3\" data-element_type=\"widget\" data-widget_type=\"image.default\">\n\t\t\t\t<div class=\"elementor-widget-container\">\n\t\t\t\t\t\t\t\t\t\t\t\t\t\t\t<img fetchpriority=\"high\" decoding=\"async\" width=\"300\" height=\"258\" src=\"https:\/\/isblite.com\/wp-content\/uploads\/2020\/02\/11_1_PressBrake-300x258.jpg\" class=\"attachment-medium size-medium wp-image-673\" alt=\"\" srcset=\"https:\/\/isblite.com\/wp-content\/uploads\/2020\/02\/11_1_PressBrake-300x258.jpg 300w, https:\/\/isblite.com\/wp-content\/uploads\/2020\/02\/11_1_PressBrake.jpg 475w\" sizes=\"(max-width: 300px) 100vw, 300px\" \/>\t\t\t\t\t\t\t\t\t\t\t\t\t\t\t<\/div>\n\t\t\t\t<\/div>\n\t\t\t\t\t<\/div>\n\t\t<\/div>\n\t\t\t\t<div class=\"elementor-column elementor-col-50 elementor-top-column elementor-element elementor-element-d9dc56b\" data-id=\"d9dc56b\" data-element_type=\"column\">\n\t\t\t<div class=\"elementor-widget-wrap elementor-element-populated\">\n\t\t\t\t\t\t<div class=\"elementor-element elementor-element-1d9749d elementor-widget elementor-widget-text-editor\" data-id=\"1d9749d\" data-element_type=\"widget\" data-widget_type=\"text-editor.default\">\n\t\t\t\t<div class=\"elementor-widget-container\">\n\t\t\t\t\t\t\t\t\t<p><span class=\"tlid-translation translation\" lang=\"fr\" tabindex=\"-1\"><em><span class=\"\" title=\"\">Contr\u00f4leur de barri\u00e8re infrarouge Merlin s\u00e9rie 3000<\/span><\/em><\/span><\/p><p><span title=\"\">Un ensemble de colonnes standard Merlin, des c\u00e2bles Merlin MTW, des supports de montage de protection lat\u00e9rale, des ensembles d&#8217;interface de barri\u00e8re infrarouge et des services d&#8217;installation peuvent \u00eatre requis.<\/span> <span title=\"\">Veuillez consulter l&#8217;usine avant de faire votre achat.<\/span><\/p><p><span title=\"\">Ce produit a \u00e9t\u00e9 remplac\u00e9 par le nouveau <a href=\"https:\/\/isblite.com\/fr\/products\/merlin-press-brake-guarding\/\">syst\u00e8me de protection de presse plieuse Merlin 4000<\/a>.<\/span><\/p>\t\t\t\t\t\t\t\t<\/div>\n\t\t\t\t<\/div>\n\t\t\t\t\t<\/div>\n\t\t<\/div>\n\t\t\t\t\t<\/div>\n\t\t<\/section>\n\t\t\t\t<section class=\"elementor-section elementor-top-section elementor-element elementor-element-9ba9244 elementor-section-boxed elementor-section-height-default elementor-section-height-default\" data-id=\"9ba9244\" data-element_type=\"section\">\n\t\t\t\t\t\t<div class=\"elementor-container elementor-column-gap-default\">\n\t\t\t\t\t<div class=\"elementor-column elementor-col-50 elementor-top-column elementor-element elementor-element-4322794\" data-id=\"4322794\" data-element_type=\"column\">\n\t\t\t<div class=\"elementor-widget-wrap elementor-element-populated\">\n\t\t\t\t\t\t<div class=\"elementor-element elementor-element-c8d49fe elementor-widget elementor-widget-image\" data-id=\"c8d49fe\" data-element_type=\"widget\" data-widget_type=\"image.default\">\n\t\t\t\t<div class=\"elementor-widget-container\">\n\t\t\t\t\t\t\t\t\t\t\t\t\t\t\t<img decoding=\"async\" width=\"148\" height=\"176\" src=\"https:\/\/isblite.com\/wp-content\/uploads\/2020\/02\/MTBSmaller.jpg\" class=\"attachment-large size-large wp-image-1498\" alt=\"\" \/>\t\t\t\t\t\t\t\t\t\t\t\t\t\t\t<\/div>\n\t\t\t\t<\/div>\n\t\t\t\t<div class=\"elementor-element elementor-element-c3e4745 elementor-widget elementor-widget-image\" data-id=\"c3e4745\" data-element_type=\"widget\" data-widget_type=\"image.default\">\n\t\t\t\t<div class=\"elementor-widget-container\">\n\t\t\t\t\t\t\t\t\t\t\t\t\t\t\t<img decoding=\"async\" width=\"148\" height=\"190\" src=\"https:\/\/isblite.com\/wp-content\/uploads\/2020\/02\/PMT.jpg\" class=\"attachment-large size-large wp-image-1501\" alt=\"\" \/>\t\t\t\t\t\t\t\t\t\t\t\t\t\t\t<\/div>\n\t\t\t\t<\/div>\n\t\t\t\t\t<\/div>\n\t\t<\/div>\n\t\t\t\t<div class=\"elementor-column elementor-col-50 elementor-top-column elementor-element elementor-element-30e3bc6\" data-id=\"30e3bc6\" data-element_type=\"column\">\n\t\t\t<div class=\"elementor-widget-wrap elementor-element-populated\">\n\t\t\t\t\t\t<div class=\"elementor-element elementor-element-32b2acb elementor-widget elementor-widget-text-editor\" data-id=\"32b2acb\" data-element_type=\"widget\" data-widget_type=\"text-editor.default\">\n\t\t\t\t<div class=\"elementor-widget-container\">\n\t\t\t\t\t\t\t\t\t<p><span class=\"tlid-translation translation\" lang=\"fr\"><em><span class=\"\" title=\"\">MTB &amp; PMT 2000<\/span><\/em><\/span><\/p><p><span title=\"\">Les contr\u00f4leurs Merlin MTB et PMT ont tous deux \u00e9t\u00e9 con\u00e7us pour fonctionner avec les colonnes de barri\u00e8res infrarouges Merlin &#8220;T&#8221;.<\/span> <span title=\"\">Ce produit \u00e9tait id\u00e9alement adapt\u00e9 \u00e0 une grande vari\u00e9t\u00e9 d&#8217;applications de protection des points de fonctionnement industriels \u00e0 usage g\u00e9n\u00e9ral de cat\u00e9gorie 4, y compris les presses m\u00e9caniques, les presses hydrauliques, les machines d&#8217;assemblage automatis\u00e9es, les lignes de formage de rouleaux, les lignes de soudage et \u00e0 peu pr\u00e8s n&#8217;importe quelle autre machine qui a un contr\u00f4le \u00e9lectrique fiable.<\/span> <span title=\"\">et o\u00f9 le mouvement dangereux de la machine peut \u00eatre arr\u00eat\u00e9 n&#8217;importe o\u00f9 dans le cycle de la machine, lorsqu&#8217;un signal d&#8217;arr\u00eat est g\u00e9n\u00e9r\u00e9 par les relais de sortie de s\u00e9curit\u00e9 du Merlin.<\/span><\/p><p><span title=\"\">Ce produit a \u00e9t\u00e9 remplac\u00e9 par la nouvelle s\u00e9rie de <a href=\"https:\/\/isblite.com\/fr\/products\/safety-light-curtains\/\">barri\u00e8res infrarouges MX4000<\/a>.<\/span><\/p>\t\t\t\t\t\t\t\t<\/div>\n\t\t\t\t<\/div>\n\t\t\t\t\t<\/div>\n\t\t<\/div>\n\t\t\t\t\t<\/div>\n\t\t<\/section>\n\t\t\t\t<section class=\"elementor-section elementor-top-section elementor-element elementor-element-2629a50 elementor-section-boxed elementor-section-height-default elementor-section-height-default\" data-id=\"2629a50\" data-element_type=\"section\">\n\t\t\t\t\t\t<div class=\"elementor-container elementor-column-gap-default\">\n\t\t\t\t\t<div class=\"elementor-column elementor-col-50 elementor-top-column elementor-element elementor-element-6e82ebd\" data-id=\"6e82ebd\" data-element_type=\"column\">\n\t\t\t<div class=\"elementor-widget-wrap elementor-element-populated\">\n\t\t\t\t\t\t<div class=\"elementor-element elementor-element-c9fc790 elementor-widget elementor-widget-image\" data-id=\"c9fc790\" data-element_type=\"widget\" data-widget_type=\"image.default\">\n\t\t\t\t<div class=\"elementor-widget-container\">\n\t\t\t\t\t\t\t\t\t\t\t\t\t\t\t<img loading=\"lazy\" decoding=\"async\" width=\"93\" height=\"300\" src=\"https:\/\/isblite.com\/wp-content\/uploads\/2020\/03\/Screenshot_2020-03-17-MT-Safety-Light-Curtain-Manufacturers-93x300.png\" class=\"attachment-medium size-medium wp-image-2349\" alt=\"\" srcset=\"https:\/\/isblite.com\/wp-content\/uploads\/2020\/03\/Screenshot_2020-03-17-MT-Safety-Light-Curtain-Manufacturers-93x300.png 93w, https:\/\/isblite.com\/wp-content\/uploads\/2020\/03\/Screenshot_2020-03-17-MT-Safety-Light-Curtain-Manufacturers.png 302w\" sizes=\"(max-width: 93px) 100vw, 93px\" \/>\t\t\t\t\t\t\t\t\t\t\t\t\t\t\t<\/div>\n\t\t\t\t<\/div>\n\t\t\t\t<div class=\"elementor-element elementor-element-9668f1b elementor-widget elementor-widget-image\" data-id=\"9668f1b\" data-element_type=\"widget\" data-widget_type=\"image.default\">\n\t\t\t\t<div class=\"elementor-widget-container\">\n\t\t\t\t\t\t\t\t\t\t\t\t\t\t\t<img loading=\"lazy\" decoding=\"async\" width=\"278\" height=\"278\" src=\"https:\/\/isblite.com\/wp-content\/uploads\/2020\/02\/merlin_mtw_cable_2.jpg\" class=\"attachment-large size-large wp-image-689\" alt=\"\" srcset=\"https:\/\/isblite.com\/wp-content\/uploads\/2020\/02\/merlin_mtw_cable_2.jpg 278w, https:\/\/isblite.com\/wp-content\/uploads\/2020\/02\/merlin_mtw_cable_2-150x150.jpg 150w\" sizes=\"(max-width: 278px) 100vw, 278px\" \/>\t\t\t\t\t\t\t\t\t\t\t\t\t\t\t<\/div>\n\t\t\t\t<\/div>\n\t\t\t\t\t<\/div>\n\t\t<\/div>\n\t\t\t\t<div class=\"elementor-column elementor-col-50 elementor-top-column elementor-element elementor-element-45f4b8c\" data-id=\"45f4b8c\" data-element_type=\"column\">\n\t\t\t<div class=\"elementor-widget-wrap elementor-element-populated\">\n\t\t\t\t\t\t<div class=\"elementor-element elementor-element-85b23c2 elementor-widget elementor-widget-text-editor\" data-id=\"85b23c2\" data-element_type=\"widget\" data-widget_type=\"text-editor.default\">\n\t\t\t\t<div class=\"elementor-widget-container\">\n\t\t\t\t\t\t\t\t\t<p>Barrieres infrarouges et c\u00e2bles MT<\/p>\n\t\t\t\t\t\t\t\t<\/div>\n\t\t\t\t<\/div>\n\t\t\t\t<div class=\"elementor-element elementor-element-01fa04a elementor-widget elementor-widget-text-editor\" data-id=\"01fa04a\" data-element_type=\"widget\" data-widget_type=\"text-editor.default\">\n\t\t\t\t<div class=\"elementor-widget-container\">\n\t\t\t\t\t\t\t\t\t<p><span class=\"tlid-translation translation\" lang=\"fr\"><span class=\"\" title=\"\">Les barri\u00e8res infrarouges de s\u00e9curit\u00e9 de la s\u00e9rie &#8220;T&#8221; Merlin ont \u00e9t\u00e9 con\u00e7ues pour fonctionner dans les environnements difficiles que l&#8217;on trouve souvent dans les industries de l&#8217;estampage et de la fabrication des m\u00e9taux. Les colonnes ainsi que les contr\u00f4leurs MTB, PMT ou Merlin MTC-3000 et une paire <\/span><span title=\"\">de c\u00e2bles d&#8217;interconnexion sont n\u00e9cessaires pour configurer un syst\u00e8me de barri\u00e8re infrarouge. Ce produit a \u00e9t\u00e9 remplac\u00e9 par la nouvelle <a href=\"https:\/\/isblite.com\/fr\/products\/safety-light-curtains\/\">s\u00e9rie MX4000 de barri\u00e8re infrarouge<\/a>.<\/span><\/span><\/p>\t\t\t\t\t\t\t\t<\/div>\n\t\t\t\t<\/div>\n\t\t\t\t<div class=\"elementor-element elementor-element-647f844 elementor-widget elementor-widget-text-editor\" data-id=\"647f844\" data-element_type=\"widget\" data-widget_type=\"text-editor.default\">\n\t\t\t\t<div class=\"elementor-widget-container\">\n\t\t\t\t\t\t\t\t\t<p><span class=\"tlid-translation translation\" lang=\"fr\"><span class=\"\" title=\"\">C\u00e2bles d&#8217;interconnexion de barri\u00e8res infrarouges MT, plusieurs longueurs.<\/span> <span title=\"\">Connecteurs m\u00e9talliques aux deux extr\u00e9mit\u00e9s.<\/span> <span class=\"\" title=\"\">Veuillez<a href=\"https:\/\/isblite.com\/fr\/contact-us\/\"> nous contacter<\/a> si vous avez besoin de remplacer les c\u00e2bles.<\/span><\/span><\/p>\t\t\t\t\t\t\t\t<\/div>\n\t\t\t\t<\/div>\n\t\t\t\t\t<\/div>\n\t\t<\/div>\n\t\t\t\t\t<\/div>\n\t\t<\/section>\n\t\t\t\t<section class=\"elementor-section elementor-top-section elementor-element elementor-element-6531be4 elementor-section-boxed elementor-section-height-default elementor-section-height-default\" data-id=\"6531be4\" data-element_type=\"section\">\n\t\t\t\t\t\t<div class=\"elementor-container elementor-column-gap-default\">\n\t\t\t\t\t<div class=\"elementor-column elementor-col-50 elementor-top-column elementor-element elementor-element-72e828e\" data-id=\"72e828e\" data-element_type=\"column\">\n\t\t\t<div class=\"elementor-widget-wrap elementor-element-populated\">\n\t\t\t\t\t\t<div class=\"elementor-element elementor-element-33b569e elementor-widget elementor-widget-image\" data-id=\"33b569e\" data-element_type=\"widget\" data-widget_type=\"image.default\">\n\t\t\t\t<div class=\"elementor-widget-container\">\n\t\t\t\t\t\t\t\t\t\t\t\t\t\t\t<img loading=\"lazy\" decoding=\"async\" width=\"177\" height=\"230\" src=\"https:\/\/isblite.com\/wp-content\/uploads\/2020\/06\/PC-100.jpg\" class=\"attachment-large size-large wp-image-3768\" alt=\"\" \/>\t\t\t\t\t\t\t\t\t\t\t\t\t\t\t<\/div>\n\t\t\t\t<\/div>\n\t\t\t\t<div class=\"elementor-element elementor-element-5c0805b elementor-widget elementor-widget-image\" data-id=\"5c0805b\" data-element_type=\"widget\" data-widget_type=\"image.default\">\n\t\t\t\t<div class=\"elementor-widget-container\">\n\t\t\t\t\t\t\t\t\t\t\t\t\t\t\t<img loading=\"lazy\" decoding=\"async\" width=\"194\" height=\"135\" src=\"https:\/\/isblite.com\/wp-content\/uploads\/2020\/06\/MPC100.jpg\" class=\"attachment-large size-large wp-image-3771\" alt=\"\" \/>\t\t\t\t\t\t\t\t\t\t\t\t\t\t\t<\/div>\n\t\t\t\t<\/div>\n\t\t\t\t\t<\/div>\n\t\t<\/div>\n\t\t\t\t<div class=\"elementor-column elementor-col-50 elementor-top-column elementor-element elementor-element-4404dd0\" data-id=\"4404dd0\" data-element_type=\"column\">\n\t\t\t<div class=\"elementor-widget-wrap elementor-element-populated\">\n\t\t\t\t\t\t<div class=\"elementor-element elementor-element-f4eac9e elementor-widget elementor-widget-text-editor\" data-id=\"f4eac9e\" data-element_type=\"widget\" data-widget_type=\"text-editor.default\">\n\t\t\t\t<div class=\"elementor-widget-container\">\n\t\t\t\t\t\t\t\t\t<h6>ISB contr\u00f4les de presse<\/h6><div class=\"text-wrap tlid-copy-target\"><div class=\"result-shield-container tlid-copy-target\" tabindex=\"0\"><p><span class=\"tlid-translation translation\" lang=\"fr\"><span class=\"\" title=\"\">ISB est fier de sa riche histoire de pionnier dans l&#8217;industrie de la s\u00e9curit\u00e9 partout en Am\u00e9rique du Nord.<\/span> <span title=\"\">Le PC-100 Press Control a \u00e9t\u00e9 le premier contr\u00f4le de presse \u00e0 microprocesseur sur le march\u00e9 \u00e0 la fin des ann\u00e9es 70, et se trouve toujours dans de nombreuses usines qui fonctionnent comme contr\u00f4le principal sur tous les types de presses.<\/span> <span title=\"\">Il m\u00e9rite \u00e0 juste titre une r\u00e9putation incontestable de fiabilit\u00e9 et de long\u00e9vit\u00e9.<\/span><\/span><\/p><p><span title=\"\">Les mod\u00e8les PC-100\/200\/300\/400\/500\/600 et MPC-100 ont tous \u00e9t\u00e9 remplac\u00e9s par notre <a href=\"https:\/\/isblite.com\/fr\/products\/rbpc-press-controls\/\">contr\u00f4le de presse bas\u00e9 sur un r\u00e9solveur \u00e0 double processeur &#8211; RBPC<\/a>.<\/span><\/p><\/div><\/div>\t\t\t\t\t\t\t\t<\/div>\n\t\t\t\t<\/div>\n\t\t\t\t\t<\/div>\n\t\t<\/div>\n\t\t\t\t\t<\/div>\n\t\t<\/section>\n\t\t\t\t<\/div>\n\t\t","protected":false},"excerpt":{"rendered":"<p>Produits de g\u00e9n\u00e9rations pr\u00e9c\u00e9dentes ISB est fier de sa riche histoire. Nous nous engageons \u00e0 continuer \u00e0 soutenir nos clients en entretenant nos produits autant que possible.Certains de nos produits sont en service depuis la fin des ann\u00e9es 1970 et, naturellement, il n&#8217;est plus possible de les entretenir.Si vous avez besoin d&#8217;informations sur l&#8217;un des [&hellip;]<\/p>\n","protected":false},"author":1,"featured_media":423,"parent":563,"menu_order":21,"comment_status":"closed","ping_status":"closed","template":"page_products.php","meta":{"_acf_changed":false,"footnotes":""},"class_list":["post-1970","page","type-page","status-publish","has-post-thumbnail","hentry"],"acf":[],"post_mailing_queue_ids":[],"_links":{"self":[{"href":"https:\/\/isblite.com\/fr\/wp-json\/wp\/v2\/pages\/1970","targetHints":{"allow":["GET"]}}],"collection":[{"href":"https:\/\/isblite.com\/fr\/wp-json\/wp\/v2\/pages"}],"about":[{"href":"https:\/\/isblite.com\/fr\/wp-json\/wp\/v2\/types\/page"}],"author":[{"embeddable":true,"href":"https:\/\/isblite.com\/fr\/wp-json\/wp\/v2\/users\/1"}],"replies":[{"embeddable":true,"href":"https:\/\/isblite.com\/fr\/wp-json\/wp\/v2\/comments?post=1970"}],"version-history":[{"count":29,"href":"https:\/\/isblite.com\/fr\/wp-json\/wp\/v2\/pages\/1970\/revisions"}],"predecessor-version":[{"id":4755,"href":"https:\/\/isblite.com\/fr\/wp-json\/wp\/v2\/pages\/1970\/revisions\/4755"}],"up":[{"embeddable":true,"href":"https:\/\/isblite.com\/fr\/wp-json\/wp\/v2\/pages\/563"}],"wp:featuredmedia":[{"embeddable":true,"href":"https:\/\/isblite.com\/fr\/wp-json\/wp\/v2\/media\/423"}],"wp:attachment":[{"href":"https:\/\/isblite.com\/fr\/wp-json\/wp\/v2\/media?parent=1970"}],"curies":[{"name":"wp","href":"https:\/\/api.w.org\/{rel}","templated":true}]}}