{"id":778,"date":"2020-02-04T16:57:27","date_gmt":"2020-02-04T21:57:27","guid":{"rendered":"http:\/\/test.isblite.com\/products\/light-curtain-wiring-boxes\/"},"modified":"2023-01-22T12:09:57","modified_gmt":"2023-01-22T17:09:57","slug":"light-curtain-wiring-boxes","status":"publish","type":"page","link":"https:\/\/isblite.com\/es\/products\/light-curtain-wiring-boxes\/","title":{"rendered":"Caja de interfaz MX"},"content":{"rendered":"\t\t<div data-elementor-type=\"wp-page\" data-elementor-id=\"778\" class=\"elementor elementor-778 elementor-281\">\n\t\t\t\t\t\t<section class=\"elementor-section elementor-top-section elementor-element elementor-element-47c8f43 elementor-section-boxed elementor-section-height-default elementor-section-height-default\" data-id=\"47c8f43\" data-element_type=\"section\">\n\t\t\t\t\t\t<div class=\"elementor-container elementor-column-gap-default\">\n\t\t\t\t\t<div class=\"elementor-column elementor-col-100 elementor-top-column elementor-element elementor-element-7004181\" data-id=\"7004181\" data-element_type=\"column\">\n\t\t\t<div class=\"elementor-widget-wrap elementor-element-populated\">\n\t\t\t\t\t\t<div class=\"elementor-element elementor-element-08cc1dc elementor-widget elementor-widget-heading\" data-id=\"08cc1dc\" data-element_type=\"widget\" data-widget_type=\"heading.default\">\n\t\t\t\t<div class=\"elementor-widget-container\">\n\t\t\t\t\t<h2 class=\"elementor-heading-title elementor-size-default\">Caja de interfaz para barrera infrarroja MX<\/h2>\t\t\t\t<\/div>\n\t\t\t\t<\/div>\n\t\t\t\t\t<\/div>\n\t\t<\/div>\n\t\t\t\t\t<\/div>\n\t\t<\/section>\n\t\t\t\t<section class=\"elementor-section elementor-top-section elementor-element elementor-element-7c04b96 elementor-section-boxed elementor-section-height-default elementor-section-height-default\" data-id=\"7c04b96\" data-element_type=\"section\">\n\t\t\t\t\t\t<div class=\"elementor-container elementor-column-gap-default\">\n\t\t\t\t\t<div class=\"elementor-column elementor-col-50 elementor-top-column elementor-element elementor-element-dafd520\" data-id=\"dafd520\" data-element_type=\"column\">\n\t\t\t<div class=\"elementor-widget-wrap elementor-element-populated\">\n\t\t\t\t\t\t<div class=\"elementor-element elementor-element-a62a4a2 elementor-widget elementor-widget-image\" data-id=\"a62a4a2\" data-element_type=\"widget\" data-widget_type=\"image.default\">\n\t\t\t\t<div class=\"elementor-widget-container\">\n\t\t\t\t\t\t\t\t\t\t\t\t\t\t\t\t<a href=\"http:\/\/isblite.com\/wp-content\/uploads\/2020\/03\/CB_4.jpg\" data-elementor-open-lightbox=\"yes\" data-elementor-lightbox-title=\"CB_4\" data-e-action-hash=\"#elementor-action%3Aaction%3Dlightbox%26settings%3DeyJpZCI6MjMxNiwidXJsIjoiaHR0cHM6XC9cL2lzYmxpdGUuY29tXC93cC1jb250ZW50XC91cGxvYWRzXC8yMDIwXC8wM1wvQ0JfNC5qcGcifQ%3D%3D\">\n\t\t\t\t\t\t\t<img fetchpriority=\"high\" decoding=\"async\" width=\"300\" height=\"300\" src=\"https:\/\/isblite.com\/wp-content\/uploads\/2020\/03\/CB_4.jpg\" class=\"attachment-large size-large wp-image-2316\" alt=\"\" srcset=\"https:\/\/isblite.com\/wp-content\/uploads\/2020\/03\/CB_4.jpg 300w, https:\/\/isblite.com\/wp-content\/uploads\/2020\/03\/CB_4-150x150.jpg 150w\" sizes=\"(max-width: 300px) 100vw, 300px\" \/>\t\t\t\t\t\t\t\t<\/a>\n\t\t\t\t\t\t\t\t\t\t\t\t\t\t\t<\/div>\n\t\t\t\t<\/div>\n\t\t\t\t<div class=\"elementor-element elementor-element-f889c8d elementor-widget elementor-widget-image\" data-id=\"f889c8d\" data-element_type=\"widget\" data-widget_type=\"image.default\">\n\t\t\t\t<div class=\"elementor-widget-container\">\n\t\t\t\t\t\t\t\t\t\t\t\t\t\t\t<img decoding=\"async\" src=\"https:\/\/isblite.com\/wp-content\/uploads\/elementor\/thumbs\/UL-C-US-listed-opregzlmaq766vmmfiy2r0tjulg2j69y9z9iyg26zg.png\" title=\"UL-C-US-listed\" alt=\"UL-C-US-listed\" loading=\"lazy\" \/>\t\t\t\t\t\t\t\t\t\t\t\t\t\t\t<\/div>\n\t\t\t\t<\/div>\n\t\t\t\t<div class=\"elementor-element elementor-element-edec503 elementor-widget elementor-widget-image\" data-id=\"edec503\" data-element_type=\"widget\" data-widget_type=\"image.default\">\n\t\t\t\t<div class=\"elementor-widget-container\">\n\t\t\t\t\t\t\t\t\t\t\t\t\t\t\t<img decoding=\"async\" width=\"149\" height=\"106\" src=\"https:\/\/isblite.com\/wp-content\/uploads\/2020\/08\/CE-logo-02.png\" class=\"attachment-medium size-medium wp-image-4826\" alt=\"\" \/>\t\t\t\t\t\t\t\t\t\t\t\t\t\t\t<\/div>\n\t\t\t\t<\/div>\n\t\t\t\t\t<\/div>\n\t\t<\/div>\n\t\t\t\t<div class=\"elementor-column elementor-col-50 elementor-top-column elementor-element elementor-element-4efac0c\" data-id=\"4efac0c\" data-element_type=\"column\">\n\t\t\t<div class=\"elementor-widget-wrap elementor-element-populated\">\n\t\t\t\t\t\t<div class=\"elementor-element elementor-element-b8d157c elementor-widget elementor-widget-text-editor\" data-id=\"b8d157c\" data-element_type=\"widget\" data-widget_type=\"text-editor.default\">\n\t\t\t\t<div class=\"elementor-widget-container\">\n\t\t\t\t\t\t\t\t\t<div class=\"text-wrap tlid-copy-target\">\n<div class=\"result-shield-container tlid-copy-target\" tabindex=\"0\"><span class=\"tlid-translation translation\" lang=\"es\"><span class=\"\" title=\"\">Las cajas de interfaz para barrera infrarroja de seguridad MX est\u00e1n dise\u00f1adas para realizar una instalaci\u00f3n f\u00e1cil y r\u00e1pida de los sistemas ISB Merlin 4000 e ISB MX400.<\/span> <span title=\"\">Estas cajas de interfaz vienen con todos los componentes internos precableados y pueden contener de 1 a 4 rel\u00e9s de seguridad, una fuente de alimentaci\u00f3n de 24 V CC y un rel\u00e9 de interrupci\u00f3n externo.<\/span><br \/>\n<span title=\"\">Vienen en diferentes modelos seg\u00fan la aplicaci\u00f3n, consulte la tabla a continuaci\u00f3n para seleccionar el modelo correcto.<\/span> <span title=\"\">Haga clic en los cuadros de color azul para abrir una versi\u00f3n en PDF del dibujo de instalaci\u00f3n correspondiente.<\/span><\/span><\/div>\n<\/div>\n\t\t\t\t\t\t\t\t<\/div>\n\t\t\t\t<\/div>\n\t\t\t\t<div class=\"elementor-element elementor-element-3b94ed2 elementor-widget elementor-widget-image\" data-id=\"3b94ed2\" data-element_type=\"widget\" data-widget_type=\"image.default\">\n\t\t\t\t<div class=\"elementor-widget-container\">\n\t\t\t\t\t\t\t\t\t\t\t\t\t\t\t\t<a href=\"http:\/\/isblite.com\/wp-content\/uploads\/2020\/03\/CB_3.jpg\" data-elementor-open-lightbox=\"yes\" data-elementor-lightbox-title=\"CB_3\" data-e-action-hash=\"#elementor-action%3Aaction%3Dlightbox%26settings%3DeyJpZCI6MjMxMywidXJsIjoiaHR0cHM6XC9cL2lzYmxpdGUuY29tXC93cC1jb250ZW50XC91cGxvYWRzXC8yMDIwXC8wM1wvQ0JfMy5qcGcifQ%3D%3D\">\n\t\t\t\t\t\t\t<img decoding=\"async\" width=\"300\" height=\"300\" src=\"https:\/\/isblite.com\/wp-content\/uploads\/2020\/03\/CB_3.jpg\" class=\"attachment-large size-large wp-image-2313\" alt=\"\" srcset=\"https:\/\/isblite.com\/wp-content\/uploads\/2020\/03\/CB_3.jpg 300w, https:\/\/isblite.com\/wp-content\/uploads\/2020\/03\/CB_3-150x150.jpg 150w\" sizes=\"(max-width: 300px) 100vw, 300px\" \/>\t\t\t\t\t\t\t\t<\/a>\n\t\t\t\t\t\t\t\t\t\t\t\t\t\t\t<\/div>\n\t\t\t\t<\/div>\n\t\t\t\t\t<\/div>\n\t\t<\/div>\n\t\t\t\t\t<\/div>\n\t\t<\/section>\n\t\t\t\t<section class=\"elementor-section elementor-top-section elementor-element elementor-element-c7464c9 elementor-section-boxed elementor-section-height-default elementor-section-height-default\" data-id=\"c7464c9\" data-element_type=\"section\">\n\t\t\t\t\t\t<div class=\"elementor-container elementor-column-gap-default\">\n\t\t\t\t\t<div class=\"elementor-column elementor-col-100 elementor-top-column elementor-element elementor-element-822e616\" data-id=\"822e616\" data-element_type=\"column\">\n\t\t\t<div class=\"elementor-widget-wrap elementor-element-populated\">\n\t\t\t\t\t\t<div class=\"elementor-element elementor-element-dd8d8c1 elementor-widget elementor-widget-heading\" data-id=\"dd8d8c1\" data-element_type=\"widget\" data-widget_type=\"heading.default\">\n\t\t\t\t<div class=\"elementor-widget-container\">\n\t\t\t\t\t<h3 class=\"elementor-heading-title elementor-size-default\">Elegir el cuadro de interfaz adecuado para su aplicaci\u00f3n.<\/h3>\t\t\t\t<\/div>\n\t\t\t\t<\/div>\n\t\t\t\t\t<\/div>\n\t\t<\/div>\n\t\t\t\t\t<\/div>\n\t\t<\/section>\n\t\t\t\t<section class=\"elementor-section elementor-top-section elementor-element elementor-element-34c40f1 elementor-section-boxed elementor-section-height-default elementor-section-height-default\" data-id=\"34c40f1\" data-element_type=\"section\">\n\t\t\t\t\t\t<div class=\"elementor-container elementor-column-gap-default\">\n\t\t\t\t\t<div class=\"elementor-column elementor-col-100 elementor-top-column elementor-element elementor-element-98490df\" data-id=\"98490df\" data-element_type=\"column\">\n\t\t\t<div class=\"elementor-widget-wrap elementor-element-populated\">\n\t\t\t\t\t\t<div class=\"elementor-element elementor-element-350c7d3 elementor-widget elementor-widget-html\" data-id=\"350c7d3\" data-element_type=\"widget\" data-widget_type=\"html.default\">\n\t\t\t\t<div class=\"elementor-widget-container\">\n\t\t\t\t\t<div class=\"mxgraph\" style=\"max-width:100%;border:1px solid transparent;\" data-mxgraph=\"{&quot;highlight&quot;:&quot;#0000ff&quot;,&quot;nav&quot;:true,&quot;resize&quot;:true,&quot;toolbar&quot;:&quot;zoom layers tags lightbox&quot;,&quot;edit&quot;:&quot;_blank&quot;,&quot;xml&quot;:&quot;&lt;mxfile host=\\&quot;app.diagrams.net\\&quot; modified=\\&quot;2022-08-31T04:02:40.064Z\\&quot; agent=\\&quot;5.0 (Windows NT 10.0; Win64; x64) AppleWebKit\/537.36 (KHTML, like Gecko) Chrome\/104.0.0.0 Safari\/537.36\\&quot; etag=\\&quot;_3UoDar_VTtd702XQyMZ\\&quot; version=\\&quot;20.2.5\\&quot; type=\\&quot;device\\&quot;&gt;&lt;diagram id=\\&quot;OJnzuSTPvHjKsWCiueiy\\&quot; name=\\&quot;Page-1\\&quot;&gt;7V1bd6K8Gv41XWvvC7tIwkEve3IOu91fv+lM25mbvRCpMkXjRmx1fv0XTgoxCmoggXIzU2KA5D08eXjzJjlDV5PlJ8+cje\/w0HbPoDJcnqHrMwiB3tPIf0HJKi7RempUMvKcYVy2KXhw\/thxoRKXLpyhPc9U9DF2fWeWLbTwdGpbfqbM9Dz8nq32gt3sW2fmyN4qeLBMd7v0yRn646i0C41N+WfbGY2TN5MuR79MzKRy3JP52Bzi91QRujlDVx7GfvTXZHllu4H0ErlE9\/V3\/LpumGdP\/SI3TPHFXWd+51\/D3rP9A\/7pDq5nHRi3zV8lHbaHpP\/xJfb8MR7hqenebEovPbyYDu3gqQq52tS5xXhGCgEp\/G37\/ipWprnwMSka+xM3\/pU02Fs9B\/efa8nlz\/hx4cX1MnO1iq+2exwLYY4XnhW3\/2r4l\/JtPAFf\/9s3e7eqt7ha3nQSyzG9ke3vqReLI5BB6gWxPD\/ZeGKT9pAKnu2avvOWtREzNrXRut5GG+SPWCFs5Xx\/fv57tby7A59\/PSrWn5+Pv\/s\/klaLU45uHKKe8Ore9hzSe9vL6IwSaLlKBLAipe1r5ZvpLuI3nUHdJe29HGR0qf9\/EXj+5Que+p15qI0LUgFqs2UotuR38tco\/t9N6p\/0oLvnJ1VRlp1VIJN127zk53v8TpQHlUu8JLgb\/0wkEb032xZSPNiUUba6scTArN7Hjm8\/zMxQw+9ksMha3dz38Kt9hV3shXejoT7QNT3oluO6qfJ+3xoidR8YvNmeby\/3um\/8K+zG0BwPTh2gxAXvG6gHvbhsnIL55Eb+1qNsybEKn186fgqPydXP1C8bdw8uTgdjWNCPDd5gHN564XnmKlVhhp2pP089+T4o2BiJgTI2kpjIRsnRAzcqX7fseCuAmlArSNnAxiLYVpAaLWBFY3lR89FFjeXsVhsiVQqOU6khmUq7cql050g\/dN4KDdEgZ6xnMwYO3GDXi+9sz3WmpAZhCATnlIfV3Lcnh9GAdVkohWwpL8Gc3NGUhKOCz3dfziCxA6UffJBB5d4emm5YsrePO8RRk64XMq7bkPZA5Wrh+aYznXOQyClMsUQ+2EFbfHCbDna1bToIAAc++HTv4\/\/Mvxp\/X\/dmSPn1Hby+OB3UFTFsHI\/k+jaS31pfjG+Tn2\/fZsNH5db+9PL6y0y+kgRzuw7QshqHPSqGsnVDon72DSfTQaYRqEI+CrgaAbMe0kqxgm2twayWEe2uUUvjuzbaPNycFNqctP3mpNHWpHG1pn3aKZG2VD5EEYtQ3HiYsqJhKnxDg4fuJJajQkX5AB3te9EjZx72bct38LTRnS5k9XjqrhpMxtZTQEnkRWWwMYMRnCuRjaF6DcRG0YFYklBbVuEqPaFFVdf31T557GTOyAjUP5cpFIZBMOm5JkL9NHtC+n72BCj2RNUvhz0ZJ7Mnhdc4kvegouOIIBJRpRykIRHVd\/oMBmXmJBi5p4P5LKpDXx8qBbZtDUzrdRTiXceKWEHQVmfq+I7p7rI9kGt7tZL3JfZ9PCG34GAWNZBIo42sEMJwdThZ+SpNVzUGXdVZwUOVA11lshW15mylW5Ct9ESwFahSsR59P1vNqV8OW+m2bKWGmNqyFUnYyZcH8qfSv7i8u\/jecpTadrrlKMmvVMKbwaIorIiaqp1OUdg5FLXJdxOQtFw0LQZwn0c7TadComQnpjpJp1M5QrJdOkU2JyYLoLL3hnLCskBMvuSR1hMMIPFDw5xJjl9Mxc1LrQgh2PrSBesLwV5GY+cKADlaY65uSKuS88dvcVXqIoABKEp2\/gVV8DmbyITxPZvwxWQBWULvQJrpHZRMySaOxVdZxCmU860UynxSKSl9NKgQRoc1I6uWNSPL5hpC8uM2\/BFWsWACqAWhAKqiiCBzcaGQ+GMK5bsAHTIu71m\/Vq7WelLR96TdEoHsroyZIO+LSk9uAs5q1FRClwGziAGzRlkoi6BYlJX6K10r6OaIe87zaW6u1cbN4babN4NPIXAOszksADJ8XTPOGfOGelnergpdqia5txfObUdyefvurG\/ZvB011Nt7OpUgwFpsDqsc1lUxYZh6OHrh3Flh31x7210DR1cb6ugAoAKezoqT8PB09goyIQT+eO+DRb+dk47JsmOP6JDHMSv2uYSrWRpjr\/wUkluOqHkstZuTrUVt+0HVLye8DXdHXgqmVYAep7SK3AcVTasAS1IxyfLtC8jcqlQkUcGLbfoLz+axUl72rppvpuOaA\/K45vfVHxOkHo3JPb8XUyEJefK598DF1isxdOVrQOf6BNv7OgepSMrsEOrSARvI2iNCh6yATXmJ3kAIvUvPp6N1gQw7BSYzKvn0UWwahJhEqZTaDqOLItTG5pBCMv41ikOinN0dNHo9YxW7OyQyPIFDGrwGmbwHFeaQoUwF08jKpMJTvDQfJaMUGaTkSbAnQOZYpk\/gjCAGwbL5IW3bKaj8dihHy9KZWu5iGDY45H+ySPLd8ZzpiFQa4GVNhBi1N1C7RHJ8CZdERNlbnfvLQ1rGqwm+bVrBV0awz\/l5c8k0neUAGVHSdVmGR2tlTYgkD24nRHanL+RzamG7dLJJtpAMwVRiMOit5c6FJbMUwWTJUEhisNGjWK+2P9Jq6Nq++uWw5ESGTYq0Bv1ZtpHWpna1jbQ2ttNtpHU7NY7emJU1hc5cqopKC7L2BEfruiBzHEsnWLW0LpFk1VKS9pZPTpBIUihoiWrqsITs0oRAl11UA12yGb+QcCxQqIS6vP0CAYBo3w0lUU3UPKqJZAjICqBgobZbztnIvrac86Nzzh69Q5d4zrkeq2u3sQFvLlI0IVSDQnmlkESMiuXO5vNCs96TZjaJZKktyWpJVsP62pKsj06ywHqJWxUs68fc9v4a\/A4OBocKcTLbPWpwkO\/sj3V9j2EHlTiSkNNunsK0DCVICPtXaEj9cFtd5fHi6t\/SCYCpmy0fdZ3pa2SUY98PDrW\/CIwZ9p35wCVOem4FG3X232cdi7w+8DvYX8xcbA7nISUIbV8xyD8b6XSiYxtvzRVe+J2nMDPo2jFHnjk5nw1fNu\/9nmJ1\/xu4JmlJ+Nt+rpVewBOTM05AY1lDlbSPcRy0cgNQaiL9xJ266fPAUEEIOmLJPblMgVALSs0FpUB\/p2ax1a3zLQjvAmFYMggbtQdhKjteZW0mxwLhIxZJCwThQ7GTn4+yDH+H\/7FctVY4FLkdCJmhZADEv7P0ONOCMBOEQelMWIU1B2GE1PNs9qWWnKmWd8hivahwi8LVoTBqUbhF4TUKo\/JRWK05CuvUQhi16LEcUmEw6ArC4PwXC8Pg3Kbx6+MWExYejhDQeeEYfJwtVsCESw5HRGu+aozBXTqXlLWtB2vLtq5MGNzy4COaVmI0AknHAVseLA6DUckY3Ks5BgOlB7LBCBYIa7IT4RaEpcCltdup0gFQC8LiQFgtF4Qz6ce1BGEECzBh+aIRuy1tPjOnzFsO35mFdmBZdtJOZp1BmBgVbCOrPF4f6\/SRvCTw1qA\/3LyVvY9czZ21g+gt5liZTPWfvinRhStjc2ubhvzcstwhuglS3yJGDQJHfjE9JjjWPc2T3vGdlV\/E+pisJr+oxERExDRMxvfB4V8G5eTK8QuMMA259nERAwXnOmTGechI01A31TJDvVbZUP9BiTdoGPEG5RPvug8ugForrrFGF4PXuX0t9eZAvVHopTzmxFsqfowWGgOPqHx4rDtlUSl4rGdKExGCvG6Z17bDwBGER5fJCY4fQQuNAcfAkMoFR1j3qC0A2pHJRlKhY+4GCAL9ktvmDGujPjKVhzsafgip0yNRk9Cx5GBXZl\/VOqIjvQubBusIjh+CtKxtGrbUsaWOPMCx5CmtzIkYdQRHnT6Crltwvv+II3MY4EiKPIz9VPVPRC7jOzwMYPLmHw==&lt;\/diagram&gt;&lt;\/mxfile&gt;&quot;}\"><\/div>\n<script type=\"text\/javascript\" src=\"https:\/\/viewer.diagrams.net\/js\/viewer-static.min.js\"><\/script>\t\t\t\t<\/div>\n\t\t\t\t<\/div>\n\t\t\t\t\t<\/div>\n\t\t<\/div>\n\t\t\t\t\t<\/div>\n\t\t<\/section>\n\t\t\t\t<section class=\"elementor-section elementor-top-section elementor-element elementor-element-55f0d5d elementor-section-boxed elementor-section-height-default elementor-section-height-default\" data-id=\"55f0d5d\" data-element_type=\"section\">\n\t\t\t\t\t\t<div class=\"elementor-container elementor-column-gap-default\">\n\t\t\t\t\t<div class=\"elementor-column elementor-col-100 elementor-top-column elementor-element elementor-element-603c9bc\" data-id=\"603c9bc\" data-element_type=\"column\">\n\t\t\t<div class=\"elementor-widget-wrap elementor-element-populated\">\n\t\t\t\t\t\t<div class=\"elementor-element elementor-element-65e2443 elementor-widget elementor-widget-text-editor\" data-id=\"65e2443\" data-element_type=\"widget\" data-widget_type=\"text-editor.default\">\n\t\t\t\t<div class=\"elementor-widget-container\">\n\t\t\t\t\t\t\t\t\t<ul>\n<li><strong><span class=\"tlid-translation translation\" lang=\"es\"><span class=\"\" title=\"\">Haga clic en los cuadros azules para encontrar los dibujos PDF correspondientes.<\/span><\/span><\/strong><\/li>\n<\/ul>\n\t\t\t\t\t\t\t\t<\/div>\n\t\t\t\t<\/div>\n\t\t\t\t\t<\/div>\n\t\t<\/div>\n\t\t\t\t\t<\/div>\n\t\t<\/section>\n\t\t\t\t<section class=\"elementor-section elementor-top-section elementor-element elementor-element-9159b25 elementor-section-boxed elementor-section-height-default elementor-section-height-default\" data-id=\"9159b25\" data-element_type=\"section\">\n\t\t\t\t\t\t<div class=\"elementor-container elementor-column-gap-default\">\n\t\t\t\t\t<div class=\"elementor-column elementor-col-50 elementor-top-column elementor-element elementor-element-5ee3609\" data-id=\"5ee3609\" data-element_type=\"column\">\n\t\t\t<div class=\"elementor-widget-wrap elementor-element-populated\">\n\t\t\t\t\t\t<div class=\"elementor-element elementor-element-99a9af7 elementor-widget elementor-widget-image\" data-id=\"99a9af7\" data-element_type=\"widget\" data-widget_type=\"image.default\">\n\t\t\t\t<div class=\"elementor-widget-container\">\n\t\t\t\t\t\t\t\t\t\t\t\t\t\t\t\t<a href=\"http:\/\/isblite.com\/wp-content\/uploads\/2020\/03\/SYSTEM-LAYOUT.jpg\" data-elementor-open-lightbox=\"yes\" data-elementor-lightbox-title=\"SYSTEM LAYOUT\" data-e-action-hash=\"#elementor-action%3Aaction%3Dlightbox%26settings%3DeyJpZCI6MjM0NiwidXJsIjoiaHR0cHM6XC9cL2lzYmxpdGUuY29tXC93cC1jb250ZW50XC91cGxvYWRzXC8yMDIwXC8wM1wvU1lTVEVNLUxBWU9VVC5qcGcifQ%3D%3D\">\n\t\t\t\t\t\t\t<img loading=\"lazy\" decoding=\"async\" width=\"580\" height=\"751\" src=\"https:\/\/isblite.com\/wp-content\/uploads\/2020\/03\/SYSTEM-LAYOUT.jpg\" class=\"attachment-large size-large wp-image-2346\" alt=\"\" srcset=\"https:\/\/isblite.com\/wp-content\/uploads\/2020\/03\/SYSTEM-LAYOUT.jpg 612w, https:\/\/isblite.com\/wp-content\/uploads\/2020\/03\/SYSTEM-LAYOUT-232x300.jpg 232w\" sizes=\"(max-width: 580px) 100vw, 580px\" \/>\t\t\t\t\t\t\t\t<\/a>\n\t\t\t\t\t\t\t\t\t\t\t\t\t\t\t<\/div>\n\t\t\t\t<\/div>\n\t\t\t\t\t<\/div>\n\t\t<\/div>\n\t\t\t\t<div class=\"elementor-column elementor-col-50 elementor-top-column elementor-element elementor-element-e5171ea\" data-id=\"e5171ea\" data-element_type=\"column\">\n\t\t\t<div class=\"elementor-widget-wrap elementor-element-populated\">\n\t\t\t\t\t\t<div class=\"elementor-element elementor-element-0302b01 elementor-widget elementor-widget-image\" data-id=\"0302b01\" data-element_type=\"widget\" data-widget_type=\"image.default\">\n\t\t\t\t<div class=\"elementor-widget-container\">\n\t\t\t\t\t\t\t\t\t\t\t\t\t\t\t\t<a href=\"https:\/\/isblite.com\/wp-content\/uploads\/2021\/03\/MX4000Side.jpg\" data-elementor-open-lightbox=\"yes\" data-elementor-lightbox-title=\"MX4000Side\" data-e-action-hash=\"#elementor-action%3Aaction%3Dlightbox%26settings%3DeyJpZCI6NTM1NiwidXJsIjoiaHR0cHM6XC9cL2lzYmxpdGUuY29tXC93cC1jb250ZW50XC91cGxvYWRzXC8yMDIxXC8wM1wvTVg0MDAwU2lkZS5qcGcifQ%3D%3D\">\n\t\t\t\t\t\t\t<img loading=\"lazy\" decoding=\"async\" width=\"300\" height=\"300\" src=\"https:\/\/isblite.com\/wp-content\/uploads\/2021\/03\/MX4000Side-300x300.jpg\" class=\"attachment-medium size-medium wp-image-5356\" alt=\"\" srcset=\"https:\/\/isblite.com\/wp-content\/uploads\/2021\/03\/MX4000Side-300x300.jpg 300w, https:\/\/isblite.com\/wp-content\/uploads\/2021\/03\/MX4000Side-150x150.jpg 150w, https:\/\/isblite.com\/wp-content\/uploads\/2021\/03\/MX4000Side.jpg 500w\" sizes=\"(max-width: 300px) 100vw, 300px\" \/>\t\t\t\t\t\t\t\t<\/a>\n\t\t\t\t\t\t\t\t\t\t\t\t\t\t\t<\/div>\n\t\t\t\t<\/div>\n\t\t\t\t<div class=\"elementor-element elementor-element-2cb56fc elementor-widget elementor-widget-image\" data-id=\"2cb56fc\" data-element_type=\"widget\" data-widget_type=\"image.default\">\n\t\t\t\t<div class=\"elementor-widget-container\">\n\t\t\t\t\t\t\t\t\t\t\t\t\t\t\t\t<a href=\"https:\/\/isblite.com\/wp-content\/uploads\/2021\/03\/MX4000intbox.jpg\" data-elementor-open-lightbox=\"yes\" data-elementor-lightbox-title=\"MX4000intbox\" data-e-action-hash=\"#elementor-action%3Aaction%3Dlightbox%26settings%3DeyJpZCI6NTM1MywidXJsIjoiaHR0cHM6XC9cL2lzYmxpdGUuY29tXC93cC1jb250ZW50XC91cGxvYWRzXC8yMDIxXC8wM1wvTVg0MDAwaW50Ym94LmpwZyJ9\">\n\t\t\t\t\t\t\t<img loading=\"lazy\" decoding=\"async\" width=\"300\" height=\"300\" src=\"https:\/\/isblite.com\/wp-content\/uploads\/2021\/03\/MX4000intbox-300x300.jpg\" class=\"attachment-medium size-medium wp-image-5353\" alt=\"\" srcset=\"https:\/\/isblite.com\/wp-content\/uploads\/2021\/03\/MX4000intbox-300x300.jpg 300w, https:\/\/isblite.com\/wp-content\/uploads\/2021\/03\/MX4000intbox-150x150.jpg 150w, https:\/\/isblite.com\/wp-content\/uploads\/2021\/03\/MX4000intbox.jpg 500w\" sizes=\"(max-width: 300px) 100vw, 300px\" \/>\t\t\t\t\t\t\t\t<\/a>\n\t\t\t\t\t\t\t\t\t\t\t\t\t\t\t<\/div>\n\t\t\t\t<\/div>\n\t\t\t\t\t<\/div>\n\t\t<\/div>\n\t\t\t\t\t<\/div>\n\t\t<\/section>\n\t\t\t\t<\/div>\n\t\t","protected":false},"excerpt":{"rendered":"<p>Caja de interfaz para barrera infrarroja MX Las cajas de interfaz para barrera infrarroja de seguridad MX est\u00e1n dise\u00f1adas para realizar una instalaci\u00f3n f\u00e1cil y r\u00e1pida de los sistemas ISB Merlin 4000 e ISB MX400. Estas cajas de interfaz vienen con todos los componentes internos precableados y pueden contener de 1 a 4 rel\u00e9s de [&hellip;]<\/p>\n","protected":false},"author":1,"featured_media":9078,"parent":565,"menu_order":59,"comment_status":"closed","ping_status":"closed","template":"page_products.php","meta":{"_acf_changed":false,"footnotes":""},"class_list":["post-778","page","type-page","status-publish","has-post-thumbnail","hentry"],"acf":[],"post_mailing_queue_ids":[],"_links":{"self":[{"href":"https:\/\/isblite.com\/es\/wp-json\/wp\/v2\/pages\/778","targetHints":{"allow":["GET"]}}],"collection":[{"href":"https:\/\/isblite.com\/es\/wp-json\/wp\/v2\/pages"}],"about":[{"href":"https:\/\/isblite.com\/es\/wp-json\/wp\/v2\/types\/page"}],"author":[{"embeddable":true,"href":"https:\/\/isblite.com\/es\/wp-json\/wp\/v2\/users\/1"}],"replies":[{"embeddable":true,"href":"https:\/\/isblite.com\/es\/wp-json\/wp\/v2\/comments?post=778"}],"version-history":[{"count":82,"href":"https:\/\/isblite.com\/es\/wp-json\/wp\/v2\/pages\/778\/revisions"}],"predecessor-version":[{"id":15539,"href":"https:\/\/isblite.com\/es\/wp-json\/wp\/v2\/pages\/778\/revisions\/15539"}],"up":[{"embeddable":true,"href":"https:\/\/isblite.com\/es\/wp-json\/wp\/v2\/pages\/565"}],"wp:featuredmedia":[{"embeddable":true,"href":"https:\/\/isblite.com\/es\/wp-json\/wp\/v2\/media\/9078"}],"wp:attachment":[{"href":"https:\/\/isblite.com\/es\/wp-json\/wp\/v2\/media?parent=778"}],"curies":[{"name":"wp","href":"https:\/\/api.w.org\/{rel}","templated":true}]}}