{"id":510,"date":"2019-12-22T18:39:30","date_gmt":"2019-12-22T18:39:30","guid":{"rendered":"http:\/\/test.isblite.com\/about-us\/"},"modified":"2020-07-14T11:00:20","modified_gmt":"2020-07-14T16:00:20","slug":"about-us","status":"publish","type":"page","link":"https:\/\/isblite.com\/es\/about-us\/","title":{"rendered":"Acerca de ISB"},"content":{"rendered":"\t\t<div data-elementor-type=\"wp-page\" data-elementor-id=\"510\" class=\"elementor elementor-510 elementor-23\">\n\t\t\t\t\t\t<section class=\"elementor-section elementor-top-section elementor-element elementor-element-4068742 elementor-section-boxed elementor-section-height-default elementor-section-height-default\" data-id=\"4068742\" data-element_type=\"section\">\n\t\t\t\t\t\t<div class=\"elementor-container elementor-column-gap-default\">\n\t\t\t\t\t<div class=\"elementor-column elementor-col-100 elementor-top-column elementor-element elementor-element-84ea54c\" data-id=\"84ea54c\" data-element_type=\"column\">\n\t\t\t<div class=\"elementor-widget-wrap elementor-element-populated\">\n\t\t\t\t\t\t<div class=\"elementor-element elementor-element-3b3ac9f elementor-widget elementor-widget-heading\" data-id=\"3b3ac9f\" data-element_type=\"widget\" data-widget_type=\"heading.default\">\n\t\t\t\t<div class=\"elementor-widget-container\">\n\t\t\t\t\t<h2 class=\"elementor-heading-title elementor-size-default\">Nuestra historia<\/h2>\t\t\t\t<\/div>\n\t\t\t\t<\/div>\n\t\t\t\t<div class=\"elementor-element elementor-element-5130ceb elementor-widget-divider--view-line elementor-widget elementor-widget-divider\" data-id=\"5130ceb\" data-element_type=\"widget\" data-widget_type=\"divider.default\">\n\t\t\t\t<div class=\"elementor-widget-container\">\n\t\t\t\t\t\t\t<div class=\"elementor-divider\">\n\t\t\t<span class=\"elementor-divider-separator\">\n\t\t\t\t\t\t<\/span>\n\t\t<\/div>\n\t\t\t\t\t\t<\/div>\n\t\t\t\t<\/div>\n\t\t\t\t\t<\/div>\n\t\t<\/div>\n\t\t\t\t\t<\/div>\n\t\t<\/section>\n\t\t\t\t<section class=\"elementor-section elementor-top-section elementor-element elementor-element-bf4bc4a elementor-section-boxed elementor-section-height-default elementor-section-height-default\" data-id=\"bf4bc4a\" data-element_type=\"section\">\n\t\t\t\t\t\t<div class=\"elementor-container elementor-column-gap-default\">\n\t\t\t\t\t<div class=\"elementor-column elementor-col-50 elementor-top-column elementor-element elementor-element-996e78b\" data-id=\"996e78b\" data-element_type=\"column\">\n\t\t\t<div class=\"elementor-widget-wrap elementor-element-populated\">\n\t\t\t\t\t\t<div class=\"elementor-element elementor-element-af06c9d elementor-widget elementor-widget-image\" data-id=\"af06c9d\" data-element_type=\"widget\" data-widget_type=\"image.default\">\n\t\t\t\t<div class=\"elementor-widget-container\">\n\t\t\t\t\t\t\t\t\t\t\t\t\t\t\t<img fetchpriority=\"high\" decoding=\"async\" width=\"450\" height=\"302\" src=\"https:\/\/isblite.com\/wp-content\/uploads\/2020\/01\/FrontPageImage2.jpg\" class=\"attachment-large size-large wp-image-134\" alt=\"\" srcset=\"https:\/\/isblite.com\/wp-content\/uploads\/2020\/01\/FrontPageImage2.jpg 450w, https:\/\/isblite.com\/wp-content\/uploads\/2020\/01\/FrontPageImage2-300x201.jpg 300w\" sizes=\"(max-width: 450px) 100vw, 450px\" \/>\t\t\t\t\t\t\t\t\t\t\t\t\t\t\t<\/div>\n\t\t\t\t<\/div>\n\t\t\t\t\t<\/div>\n\t\t<\/div>\n\t\t\t\t<div class=\"elementor-column elementor-col-50 elementor-top-column elementor-element elementor-element-dca7a5f\" data-id=\"dca7a5f\" data-element_type=\"column\">\n\t\t\t<div class=\"elementor-widget-wrap elementor-element-populated\">\n\t\t\t\t\t\t<div class=\"elementor-element elementor-element-bfd6caa elementor-widget elementor-widget-text-editor\" data-id=\"bfd6caa\" data-element_type=\"widget\" data-widget_type=\"text-editor.default\">\n\t\t\t\t<div class=\"elementor-widget-container\">\n\t\t\t\t\t\t\t\t\t<p>ISB fue fundada e incorporada en 1972, siendo la primera compa\u00f1\u00eda en usar LED (diodos emisores de luz) para desarrollar una barrera infraroja de seguridad para prensas. A lo largo de los a\u00f1os, el equipo de desarrollo y producto de ISB ha producido varias generaciones de barreras infrarojas en cumplimiento de los cambios regulatorios de la industria y las demandas del mercado. A partir de 1980, ISB lider\u00f3 el desarrollo de un microprocesador basado en controles de prensas y prensas con especial atenci\u00f3n a la seguridad, la productividad y la facilidad de reemplazar los viejos controles arcaicos de rel\u00e9s mec\u00e1nicos. En 1985, ISB desarroll\u00f3 y patent\u00f3 un bot\u00f3n de ejecuci\u00f3n \u00fanico, el softouch, para iniciar el ciclo de una m\u00e1quina reduciendo de manera segura y confiable las lesiones relacionadas con el s\u00edndrome de t\u00fanel carpiano. En 2004, ISB desarroll\u00f3 uno de los controles de prensa basados en resoluci\u00f3n m\u00e1s compactos y econ\u00f3micos. En 2012, ISB introduce en el mercado la barrera infraroja de seguridad MX4000, Tipo 4, PLe, SIL 3, certificada por T\u00dcV Rheinland. En 2019 se introdujo la \u00faltima incorporaci\u00f3n a la l\u00ednea de productos: el paquete Merlin 4000 Press Brake Safeguarding.<\/p>\n\t\t\t\t\t\t\t\t<\/div>\n\t\t\t\t<\/div>\n\t\t\t\t\t<\/div>\n\t\t<\/div>\n\t\t\t\t\t<\/div>\n\t\t<\/section>\n\t\t\t\t<\/div>\n\t\t","protected":false},"excerpt":{"rendered":"<p>Nuestra historia ISB fue fundada e incorporada en 1972, siendo la primera compa\u00f1\u00eda en usar LED (diodos emisores de luz) para desarrollar una barrera infraroja de seguridad para prensas. A lo largo de los a\u00f1os, el equipo de desarrollo y producto de ISB ha producido varias generaciones de barreras infrarojas en cumplimiento de los cambios [&hellip;]<\/p>\n","protected":false},"author":1,"featured_media":0,"parent":0,"menu_order":94,"comment_status":"closed","ping_status":"closed","template":"","meta":{"_acf_changed":false,"footnotes":""},"class_list":["post-510","page","type-page","status-publish","hentry"],"acf":[],"post_mailing_queue_ids":[],"_links":{"self":[{"href":"https:\/\/isblite.com\/es\/wp-json\/wp\/v2\/pages\/510","targetHints":{"allow":["GET"]}}],"collection":[{"href":"https:\/\/isblite.com\/es\/wp-json\/wp\/v2\/pages"}],"about":[{"href":"https:\/\/isblite.com\/es\/wp-json\/wp\/v2\/types\/page"}],"author":[{"embeddable":true,"href":"https:\/\/isblite.com\/es\/wp-json\/wp\/v2\/users\/1"}],"replies":[{"embeddable":true,"href":"https:\/\/isblite.com\/es\/wp-json\/wp\/v2\/comments?post=510"}],"version-history":[{"count":22,"href":"https:\/\/isblite.com\/es\/wp-json\/wp\/v2\/pages\/510\/revisions"}],"predecessor-version":[{"id":4654,"href":"https:\/\/isblite.com\/es\/wp-json\/wp\/v2\/pages\/510\/revisions\/4654"}],"wp:attachment":[{"href":"https:\/\/isblite.com\/es\/wp-json\/wp\/v2\/media?parent=510"}],"curies":[{"name":"wp","href":"https:\/\/api.w.org\/{rel}","templated":true}]}}