{"id":1175,"date":"2020-02-08T16:59:17","date_gmt":"2020-02-08T21:59:17","guid":{"rendered":"http:\/\/test.isblite.com\/products\/gpa-press-safety-valves\/"},"modified":"2023-01-22T12:01:36","modified_gmt":"2023-01-22T17:01:36","slug":"gpa-press-safety-valves","status":"publish","type":"page","link":"https:\/\/isblite.com\/es\/products\/gpa-press-safety-valves\/","title":{"rendered":"V\u00e1lvulas de seguridad de prensa GPA"},"content":{"rendered":"\t\t<div data-elementor-type=\"wp-page\" data-elementor-id=\"1175\" class=\"elementor elementor-1175 elementor-287\">\n\t\t\t\t\t\t<section class=\"elementor-section elementor-top-section elementor-element elementor-element-11abe0a elementor-section-boxed elementor-section-height-default elementor-section-height-default\" data-id=\"11abe0a\" data-element_type=\"section\">\n\t\t\t\t\t\t<div class=\"elementor-container elementor-column-gap-default\">\n\t\t\t\t\t<div class=\"elementor-column elementor-col-100 elementor-top-column elementor-element elementor-element-081f05e\" data-id=\"081f05e\" data-element_type=\"column\">\n\t\t\t<div class=\"elementor-widget-wrap elementor-element-populated\">\n\t\t\t\t\t\t<div class=\"elementor-element elementor-element-861b1aa elementor-widget elementor-widget-heading\" data-id=\"861b1aa\" data-element_type=\"widget\" data-widget_type=\"heading.default\">\n\t\t\t\t<div class=\"elementor-widget-container\">\n\t\t\t\t\t<h2 class=\"elementor-heading-title elementor-size-default\">V\u00c1LVULAS DE SEGURIDAD DUALES PARA PRENSA HIDR\u00c1ULICA<\/h2>\t\t\t\t<\/div>\n\t\t\t\t<\/div>\n\t\t\t\t\t<\/div>\n\t\t<\/div>\n\t\t\t\t\t<\/div>\n\t\t<\/section>\n\t\t\t\t<section class=\"elementor-section elementor-top-section elementor-element elementor-element-2cb741c elementor-section-boxed elementor-section-height-default elementor-section-height-default\" data-id=\"2cb741c\" data-element_type=\"section\">\n\t\t\t\t\t\t<div class=\"elementor-container elementor-column-gap-default\">\n\t\t\t\t\t<div class=\"elementor-column elementor-col-50 elementor-top-column elementor-element elementor-element-cda7548\" data-id=\"cda7548\" data-element_type=\"column\">\n\t\t\t<div class=\"elementor-widget-wrap elementor-element-populated\">\n\t\t\t\t\t\t<div class=\"elementor-element elementor-element-697545c elementor-widget elementor-widget-spacer\" data-id=\"697545c\" data-element_type=\"widget\" data-widget_type=\"spacer.default\">\n\t\t\t\t<div class=\"elementor-widget-container\">\n\t\t\t\t\t\t\t<div class=\"elementor-spacer\">\n\t\t\t<div class=\"elementor-spacer-inner\"><\/div>\n\t\t<\/div>\n\t\t\t\t\t\t<\/div>\n\t\t\t\t<\/div>\n\t\t\t\t<div class=\"elementor-element elementor-element-3ba9a8c elementor-widget elementor-widget-image\" data-id=\"3ba9a8c\" data-element_type=\"widget\" data-widget_type=\"image.default\">\n\t\t\t\t<div class=\"elementor-widget-container\">\n\t\t\t\t\t\t\t\t\t\t\t\t\t\t\t\t<a href=\"http:\/\/isblite.com\/wp-content\/uploads\/2020\/04\/Mirror-1.jpg\" data-elementor-open-lightbox=\"yes\" data-elementor-lightbox-title=\"Mirror\" data-e-action-hash=\"#elementor-action%3Aaction%3Dlightbox%26settings%3DeyJpZCI6MjgxNiwidXJsIjoiaHR0cHM6XC9cL2lzYmxpdGUuY29tXC93cC1jb250ZW50XC91cGxvYWRzXC8yMDIwXC8wNFwvTWlycm9yLTEuanBnIn0%3D\">\n\t\t\t\t\t\t\t<img fetchpriority=\"high\" decoding=\"async\" width=\"300\" height=\"300\" src=\"https:\/\/isblite.com\/wp-content\/uploads\/2020\/04\/Mirror-1.jpg\" class=\"attachment-large size-large wp-image-2816\" alt=\"\" srcset=\"https:\/\/isblite.com\/wp-content\/uploads\/2020\/04\/Mirror-1.jpg 300w, https:\/\/isblite.com\/wp-content\/uploads\/2020\/04\/Mirror-1-150x150.jpg 150w\" sizes=\"(max-width: 300px) 100vw, 300px\" \/>\t\t\t\t\t\t\t\t<\/a>\n\t\t\t\t\t\t\t\t\t\t\t\t\t\t\t<\/div>\n\t\t\t\t<\/div>\n\t\t\t\t<div class=\"elementor-element elementor-element-47515bf elementor-widget elementor-widget-image\" data-id=\"47515bf\" data-element_type=\"widget\" data-widget_type=\"image.default\">\n\t\t\t\t<div class=\"elementor-widget-container\">\n\t\t\t\t\t\t\t\t\t\t\t\t\t\t\t\t<a href=\"http:\/\/isblite.com\/wp-content\/uploads\/2020\/03\/valves.jpg\" data-elementor-open-lightbox=\"yes\" data-elementor-lightbox-title=\"valves\" data-e-action-hash=\"#elementor-action%3Aaction%3Dlightbox%26settings%3DeyJpZCI6MjYxNiwidXJsIjoiaHR0cHM6XC9cL2lzYmxpdGUuY29tXC93cC1jb250ZW50XC91cGxvYWRzXC8yMDIwXC8wM1wvdmFsdmVzLmpwZyJ9\">\n\t\t\t\t\t\t\t<img decoding=\"async\" width=\"408\" height=\"408\" src=\"https:\/\/isblite.com\/wp-content\/uploads\/2020\/03\/valves.jpg\" class=\"attachment-large size-large wp-image-2616\" alt=\"\" srcset=\"https:\/\/isblite.com\/wp-content\/uploads\/2020\/03\/valves.jpg 408w, https:\/\/isblite.com\/wp-content\/uploads\/2020\/03\/valves-300x300.jpg 300w, https:\/\/isblite.com\/wp-content\/uploads\/2020\/03\/valves-150x150.jpg 150w\" sizes=\"(max-width: 408px) 100vw, 408px\" \/>\t\t\t\t\t\t\t\t<\/a>\n\t\t\t\t\t\t\t\t\t\t\t\t\t\t\t<\/div>\n\t\t\t\t<\/div>\n\t\t\t\t\t<\/div>\n\t\t<\/div>\n\t\t\t\t<div class=\"elementor-column elementor-col-50 elementor-top-column elementor-element elementor-element-028129c\" data-id=\"028129c\" data-element_type=\"column\">\n\t\t\t<div class=\"elementor-widget-wrap elementor-element-populated\">\n\t\t\t\t\t\t<div class=\"elementor-element elementor-element-53d0da1 elementor-widget elementor-widget-text-editor\" data-id=\"53d0da1\" data-element_type=\"widget\" data-widget_type=\"text-editor.default\">\n\t\t\t\t<div class=\"elementor-widget-container\">\n\t\t\t\t\t\t\t\t\t<h2>V\u00c1LVULAS DUALES DE SEGURIDAD DE PRENSA<\/h2>\n<p><span class=\"tlid-translation translation\" lang=\"es\">Las v\u00e1lvulas de seguridad duales ISB GPA est\u00e1n dise\u00f1adas con un sistema de control de seguridad intr\u00ednsecamente din\u00e1mico que cumple o supera los requisitos de la norma europea EN-692, OSHA y ANSI para su uso en prensas de accionamiento neum\u00e1tico. Estas v\u00e1lvulas de seguridad duales est\u00e1n construidas de manera resistente y tienen una certificaci\u00f3n de seguridad europea que supera a muchas de las otras marcas competitivas de v\u00e1lvulas en el mercado y, sin embargo, las v\u00e1lvulas GPA tienen un precio accesible.<\/span><\/p>\n<p>Las v\u00e1lvulas ISB se monitorean internamente de manera continua con cada operaci\u00f3n. En el caso de que la v\u00e1lvula detecte un mal funcionamiento, la v\u00e1lvula se autobloquear\u00e1 y solo se reiniciar\u00e1 cuando se desconecte la alimentaci\u00f3n y se restablezca el funcionamiento normal. Un sistema auxiliar de monitoreo de presi\u00f3n externo con reinicio manual est\u00e1 disponible como una opci\u00f3n. Se requieren dos conmutadores de presi\u00f3n opcionales para esta opci\u00f3n.<\/p>\n<p>Las v\u00e1lvulas de \u00bd&#8221;, \u00be&#8221; y 1&#8243; est\u00e1n disponibles en stock para entrega inmediata. Las v\u00e1lvulas de seguridad dobles se suministran de serie con Solenoides de 120 VCA y conectores con varistores incorporados. Se pueden proporcionar Solenoides opcionales de 24 VCC.<\/p>\n\t\t\t\t\t\t\t\t<\/div>\n\t\t\t\t<\/div>\n\t\t\t\t<div class=\"elementor-element elementor-element-f7c444c elementor-widget elementor-widget-image\" data-id=\"f7c444c\" data-element_type=\"widget\" data-widget_type=\"image.default\">\n\t\t\t\t<div class=\"elementor-widget-container\">\n\t\t\t\t\t\t\t\t\t\t\t\t\t\t\t\t<a href=\"http:\/\/isblite.com\/wp-content\/uploads\/2020\/02\/safety_valves.png\" data-elementor-open-lightbox=\"yes\" data-elementor-lightbox-title=\"safety_valves\" data-e-action-hash=\"#elementor-action%3Aaction%3Dlightbox%26settings%3DeyJpZCI6NDE1LCJ1cmwiOiJodHRwczpcL1wvaXNibGl0ZS5jb21cL3dwLWNvbnRlbnRcL3VwbG9hZHNcLzIwMjBcLzAyXC9zYWZldHlfdmFsdmVzLnBuZyJ9\">\n\t\t\t\t\t\t\t<img decoding=\"async\" width=\"210\" height=\"210\" src=\"https:\/\/isblite.com\/wp-content\/uploads\/2020\/02\/safety_valves.png\" class=\"attachment-large size-large wp-image-415\" alt=\"\" srcset=\"https:\/\/isblite.com\/wp-content\/uploads\/2020\/02\/safety_valves.png 210w, https:\/\/isblite.com\/wp-content\/uploads\/2020\/02\/safety_valves-150x150.png 150w\" sizes=\"(max-width: 210px) 100vw, 210px\" \/>\t\t\t\t\t\t\t\t<\/a>\n\t\t\t\t\t\t\t\t\t\t\t\t\t\t\t<\/div>\n\t\t\t\t<\/div>\n\t\t\t\t\t<\/div>\n\t\t<\/div>\n\t\t\t\t\t<\/div>\n\t\t<\/section>\n\t\t\t\t<section class=\"elementor-section elementor-top-section elementor-element elementor-element-e594679 elementor-section-boxed elementor-section-height-default elementor-section-height-default\" data-id=\"e594679\" data-element_type=\"section\">\n\t\t\t\t\t\t<div class=\"elementor-container elementor-column-gap-default\">\n\t\t\t\t\t<div class=\"elementor-column elementor-col-100 elementor-top-column elementor-element elementor-element-34d118b\" data-id=\"34d118b\" data-element_type=\"column\">\n\t\t\t<div class=\"elementor-widget-wrap elementor-element-populated\">\n\t\t\t\t\t\t<div class=\"elementor-element elementor-element-d7b0c15 elementor-widget elementor-widget-heading\" data-id=\"d7b0c15\" data-element_type=\"widget\" data-widget_type=\"heading.default\">\n\t\t\t\t<div class=\"elementor-widget-container\">\n\t\t\t\t\t<h2 class=\"elementor-heading-title elementor-size-default\">Accesorios<\/h2>\t\t\t\t<\/div>\n\t\t\t\t<\/div>\n\t\t\t\t\t<\/div>\n\t\t<\/div>\n\t\t\t\t\t<\/div>\n\t\t<\/section>\n\t\t\t\t<section class=\"elementor-section elementor-top-section elementor-element elementor-element-7b09a0e elementor-section-boxed elementor-section-height-default elementor-section-height-default\" data-id=\"7b09a0e\" data-element_type=\"section\">\n\t\t\t\t\t\t<div class=\"elementor-container elementor-column-gap-default\">\n\t\t\t\t\t<div class=\"elementor-column elementor-col-100 elementor-top-column elementor-element elementor-element-01b0b87\" data-id=\"01b0b87\" data-element_type=\"column\">\n\t\t\t<div class=\"elementor-widget-wrap elementor-element-populated\">\n\t\t\t\t\t\t<section class=\"elementor-section elementor-inner-section elementor-element elementor-element-10985f1 elementor-section-boxed elementor-section-height-default elementor-section-height-default\" data-id=\"10985f1\" data-element_type=\"section\">\n\t\t\t\t\t\t<div class=\"elementor-container elementor-column-gap-default\">\n\t\t\t\t\t<div class=\"elementor-column elementor-col-50 elementor-inner-column elementor-element elementor-element-4e651bf\" data-id=\"4e651bf\" data-element_type=\"column\">\n\t\t\t<div class=\"elementor-widget-wrap elementor-element-populated\">\n\t\t\t\t\t\t<div class=\"elementor-element elementor-element-2737ebe elementor-widget elementor-widget-spacer\" data-id=\"2737ebe\" data-element_type=\"widget\" data-widget_type=\"spacer.default\">\n\t\t\t\t<div class=\"elementor-widget-container\">\n\t\t\t\t\t\t\t<div class=\"elementor-spacer\">\n\t\t\t<div class=\"elementor-spacer-inner\"><\/div>\n\t\t<\/div>\n\t\t\t\t\t\t<\/div>\n\t\t\t\t<\/div>\n\t\t\t\t<div class=\"elementor-element elementor-element-fcfc8e5 elementor-widget elementor-widget-text-editor\" data-id=\"fcfc8e5\" data-element_type=\"widget\" data-widget_type=\"text-editor.default\">\n\t\t\t\t<div class=\"elementor-widget-container\">\n\t\t\t\t\t\t\t\t\t<p>S<span class=\"tlid-translation translation\" lang=\"es\"><span class=\"\" title=\"\">ilenciador de v\u00e1lvula de aire para puerto de escape GPA<\/span><\/span><\/p>\n\t\t\t\t\t\t\t\t<\/div>\n\t\t\t\t<\/div>\n\t\t\t\t<div class=\"elementor-element elementor-element-573cbc7 elementor-widget elementor-widget-image\" data-id=\"573cbc7\" data-element_type=\"widget\" data-widget_type=\"image.default\">\n\t\t\t\t<div class=\"elementor-widget-container\">\n\t\t\t\t\t\t\t\t\t\t\t\t\t\t\t\t<a href=\"https:\/\/isblite.com\/es\/gpa-air-valve-muffler-for-exhaust-port\/\">\n\t\t\t\t\t\t\t<img loading=\"lazy\" decoding=\"async\" width=\"408\" height=\"408\" src=\"https:\/\/isblite.com\/wp-content\/uploads\/2020\/02\/muffler_2_3.jpg\" class=\"attachment-full size-full wp-image-1205\" alt=\"\" srcset=\"https:\/\/isblite.com\/wp-content\/uploads\/2020\/02\/muffler_2_3.jpg 408w, https:\/\/isblite.com\/wp-content\/uploads\/2020\/02\/muffler_2_3-300x300.jpg 300w, https:\/\/isblite.com\/wp-content\/uploads\/2020\/02\/muffler_2_3-150x150.jpg 150w\" sizes=\"(max-width: 408px) 100vw, 408px\" \/>\t\t\t\t\t\t\t\t<\/a>\n\t\t\t\t\t\t\t\t\t\t\t\t\t\t\t<\/div>\n\t\t\t\t<\/div>\n\t\t\t\t\t<\/div>\n\t\t<\/div>\n\t\t\t\t<div class=\"elementor-column elementor-col-50 elementor-inner-column elementor-element elementor-element-51757ea\" data-id=\"51757ea\" data-element_type=\"column\">\n\t\t\t<div class=\"elementor-widget-wrap elementor-element-populated\">\n\t\t\t\t\t\t<div class=\"elementor-element elementor-element-ceb8511 elementor-widget elementor-widget-text-editor\" data-id=\"ceb8511\" data-element_type=\"widget\" data-widget_type=\"text-editor.default\">\n\t\t\t\t<div class=\"elementor-widget-container\">\n\t\t\t\t\t\t\t\t\t<p>Interruptor de presi\u00f3n para v\u00e1lvulas de seguridad GPA<\/p>\n\t\t\t\t\t\t\t\t<\/div>\n\t\t\t\t<\/div>\n\t\t\t\t<div class=\"elementor-element elementor-element-304394c elementor-widget elementor-widget-spacer\" data-id=\"304394c\" data-element_type=\"widget\" data-widget_type=\"spacer.default\">\n\t\t\t\t<div class=\"elementor-widget-container\">\n\t\t\t\t\t\t\t<div class=\"elementor-spacer\">\n\t\t\t<div class=\"elementor-spacer-inner\"><\/div>\n\t\t<\/div>\n\t\t\t\t\t\t<\/div>\n\t\t\t\t<\/div>\n\t\t\t\t<div class=\"elementor-element elementor-element-9c3d511 elementor-widget elementor-widget-image\" data-id=\"9c3d511\" data-element_type=\"widget\" data-widget_type=\"image.default\">\n\t\t\t\t<div class=\"elementor-widget-container\">\n\t\t\t\t\t\t\t\t\t\t\t\t\t\t\t\t<a href=\"https:\/\/isblite.com\/wp-content\/uploads\/2020\/02\/Plug.jpg\" data-elementor-open-lightbox=\"yes\" data-elementor-lightbox-title=\"Plug\" data-e-action-hash=\"#elementor-action%3Aaction%3Dlightbox%26settings%3DeyJpZCI6MTE5MywidXJsIjoiaHR0cHM6XC9cL2lzYmxpdGUuY29tXC93cC1jb250ZW50XC91cGxvYWRzXC8yMDIwXC8wMlwvUGx1Zy5qcGcifQ%3D%3D\">\n\t\t\t\t\t\t\t<img loading=\"lazy\" decoding=\"async\" width=\"502\" height=\"408\" src=\"https:\/\/isblite.com\/wp-content\/uploads\/2020\/02\/Plug.jpg\" class=\"attachment-large size-large wp-image-1193\" alt=\"\" srcset=\"https:\/\/isblite.com\/wp-content\/uploads\/2020\/02\/Plug.jpg 502w, https:\/\/isblite.com\/wp-content\/uploads\/2020\/02\/Plug-300x244.jpg 300w\" sizes=\"(max-width: 502px) 100vw, 502px\" \/>\t\t\t\t\t\t\t\t<\/a>\n\t\t\t\t\t\t\t\t\t\t\t\t\t\t\t<\/div>\n\t\t\t\t<\/div>\n\t\t\t\t\t<\/div>\n\t\t<\/div>\n\t\t\t\t\t<\/div>\n\t\t<\/section>\n\t\t\t\t\t<\/div>\n\t\t<\/div>\n\t\t\t\t\t<\/div>\n\t\t<\/section>\n\t\t\t\t<section class=\"elementor-section elementor-top-section elementor-element elementor-element-448ef68 elementor-section-boxed elementor-section-height-default elementor-section-height-default\" data-id=\"448ef68\" data-element_type=\"section\">\n\t\t\t\t\t\t<div class=\"elementor-container elementor-column-gap-default\">\n\t\t\t\t\t<div class=\"elementor-column elementor-col-100 elementor-top-column elementor-element elementor-element-e415f80\" data-id=\"e415f80\" data-element_type=\"column\">\n\t\t\t<div class=\"elementor-widget-wrap elementor-element-populated\">\n\t\t\t\t\t\t<div class=\"elementor-element elementor-element-acac081 elementor-widget elementor-widget-html\" data-id=\"acac081\" data-element_type=\"widget\" data-widget_type=\"html.default\">\n\t\t\t\t<div class=\"elementor-widget-container\">\n\t\t\t\t\t<h6>Ordering Information<\/h6>\n<table style=\"width:100%\">\n  <tr>\n    <th width=\"30%\">ISB part #<\/th>\n    <th width=\"70%\">Description<\/th> \n  <\/tr>\n<tr>\n  <td>56-3010-110<\/td>\n  <td>1\/2\" GPA Valve  313MEPA50  (1\/2\" operating port, 3\/8\" supply port,  1\" exhaust port, 110VAC)<\/td>\n<\/tr>\n<tr>\n  <td>56-3010-220<\/td>\n  <td>3\/4\" GPA Valve   314MEPA52 ( 3\/4\" operating port, 1\/2\" supply port, 1\" exhaust port, 110VAC)<\/td>\n<\/tr>\n<tr>\n  <td>56-3010-330<\/td>\n  <td>1\" GPA Valve     316MEPA50 (1\" operating port, 1\/2\" supply port, 1.5\" exhaust port, 110VAC)<\/td>\n<\/tr>\n<tr>\n  <td>56-3010-40<\/td>\n  <td>1\/2\" GPA Valve  313MEPA50  (1\/2\" operating port, 3\/8\" supply port,  1\" exhaust port, 24VDC)<\/td>\n<\/tr>\n<tr>\n  <td>56-3010-50<\/td>\n  <td>3\/4\" GPA Valve   314MEPA52 ( 3\/4\" operating port, 1\/2\" supply port, 1\" exhaust port, 24VDC)<\/td>\n<\/tr>\n<tr>\n  <td>56-3010-60<\/td>\n  <td>1\" GPA Valve     316MEPA50 (1\" operating port, 1\/2\" supply port, 1.5\" exhaust port, 24VDC)<\/td>\n<\/tr>\n<tr>\n  <td>56-3015-001<\/td>\n  <td>Pressure Fault Monitor switch for all above valves.  (2 required per valve)    Price provided is per unit<\/td>\n<\/tr>\n<tr>\n  <td>56-3020-02<\/td>\n  <td>GPA Air valve for 1\" exhaust muffler (for 1\/2\" and 3\/4\" GPA  valves)<\/td>\n<\/tr>\n<tr>\n  <td>56-3020-03<\/td>\n  <td>GPA Air valve for 1.5\" exhaust muffler (for 1\" GPA  valves)<\/td>\n<\/tr>\n<tr>\n  <td>56-3010-24-DC-1<\/td>\n  <td>GPA Valve 1\/2\" 24 V DC solenoid kit  (2 per valve)<\/td>\n<\/tr>\n<tr>\n  <td>56-3010-24-DC-2<\/td>\n  <td>GPA Valve 3\/4\" 24 V DC solenoid kit  ( 2 per valve)<\/td>\n<\/tr>\n<tr>\n  <td>56-3010-24-DC-3<\/td>\n  <td>GPA Valve  1\"  24 V DC solenoid kit   ( 2 per valve)<\/td>\n<\/tr>\n<tr>\n  <td>90-2050-01<\/td>\n  <td>GPA Valve wiring box<\/td>\n<\/tr>\n<\/table>\n\t\t\t\t<\/div>\n\t\t\t\t<\/div>\n\t\t\t\t\t<\/div>\n\t\t<\/div>\n\t\t\t\t\t<\/div>\n\t\t<\/section>\n\t\t\t\t<\/div>\n\t\t","protected":false},"excerpt":{"rendered":"<p>V\u00c1LVULAS DE SEGURIDAD DUALES PARA PRENSA HIDR\u00c1ULICA V\u00c1LVULAS DUALES DE SEGURIDAD DE PRENSA Las v\u00e1lvulas de seguridad duales ISB GPA est\u00e1n dise\u00f1adas con un sistema de control de seguridad intr\u00ednsecamente din\u00e1mico que cumple o supera los requisitos de la norma europea EN-692, OSHA y ANSI para su uso en prensas de accionamiento neum\u00e1tico. Estas v\u00e1lvulas [&hellip;]<\/p>\n","protected":false},"author":1,"featured_media":9090,"parent":565,"menu_order":27,"comment_status":"closed","ping_status":"closed","template":"page_products.php","meta":{"_acf_changed":false,"footnotes":""},"class_list":["post-1175","page","type-page","status-publish","has-post-thumbnail","hentry"],"acf":[],"post_mailing_queue_ids":[],"_links":{"self":[{"href":"https:\/\/isblite.com\/es\/wp-json\/wp\/v2\/pages\/1175","targetHints":{"allow":["GET"]}}],"collection":[{"href":"https:\/\/isblite.com\/es\/wp-json\/wp\/v2\/pages"}],"about":[{"href":"https:\/\/isblite.com\/es\/wp-json\/wp\/v2\/types\/page"}],"author":[{"embeddable":true,"href":"https:\/\/isblite.com\/es\/wp-json\/wp\/v2\/users\/1"}],"replies":[{"embeddable":true,"href":"https:\/\/isblite.com\/es\/wp-json\/wp\/v2\/comments?post=1175"}],"version-history":[{"count":26,"href":"https:\/\/isblite.com\/es\/wp-json\/wp\/v2\/pages\/1175\/revisions"}],"predecessor-version":[{"id":15512,"href":"https:\/\/isblite.com\/es\/wp-json\/wp\/v2\/pages\/1175\/revisions\/15512"}],"up":[{"embeddable":true,"href":"https:\/\/isblite.com\/es\/wp-json\/wp\/v2\/pages\/565"}],"wp:featuredmedia":[{"embeddable":true,"href":"https:\/\/isblite.com\/es\/wp-json\/wp\/v2\/media\/9090"}],"wp:attachment":[{"href":"https:\/\/isblite.com\/es\/wp-json\/wp\/v2\/media?parent=1175"}],"curies":[{"name":"wp","href":"https:\/\/api.w.org\/{rel}","templated":true}]}}